{"id":2162,"date":"2020-08-25T12:04:19","date_gmt":"2020-08-25T12:04:19","guid":{"rendered":"https:\/\/monroestainless.com\/?page_id=2162"},"modified":"2022-03-08T08:50:21","modified_gmt":"2022-03-08T07:50:21","slug":"contact","status":"publish","type":"page","link":"https:\/\/monroestainless.com\/?page_id=2162","title":{"rendered":"Contact"},"content":{"rendered":"\n<div class=\"wp-block-group alignfull has-ast-global-color-5-background-color has-background is-layout-flow wp-block-group-is-layout-flow\"><div class=\"wp-block-group__inner-container\">\n<div class=\"wp-block-columns is-layout-flex wp-container-core-columns-is-layout-9d6595d7 wp-block-columns-is-layout-flex\">\n<div class=\"wp-block-column is-layout-flow wp-block-column-is-layout-flow\">\n<h2 class=\"has-medium-font-size wp-block-heading\"><br>varf\u00f6r MONROE STAINLESS<\/h2>\n\n\n\n<p>Monroe Stainless startades av f\u00f6re detta bryggare och \u00e4r till f\u00f6r bryggare i huvudsak \u00e4ven om vi har tillverkat tankar f\u00f6r vin, mj\u00f6lk, cider, mj\u00f6d \u2013 ja allt m\u00f6jligt. Vi jobbar \u00f6ver hela v\u00e4rlden med olika partners. Monroe Stainless Sweden har F-skatt, momsregistrering och kan hj\u00e4lpa till med leasing\/finansiering.<\/p>\n<\/div>\n\n\n\n<div class=\"wp-block-column is-layout-flow wp-block-column-is-layout-flow\">\n<div class=\"wp-block-group is-layout-flow wp-block-group-is-layout-flow\"><div class=\"wp-block-group__inner-container\">\n<h2 class=\"has-ast-global-color-7-color has-text-color has-medium-font-size wp-block-heading\" id=\"kontakt\">KONTAKT<\/h2>\n\n\n\n<p class=\"has-ast-global-color-1-color has-text-color\"><a href=\"mailto:info@monroestainless.com\"><strong>info@monroestainless.com<\/strong><\/a><\/p>\n\n\n\n<p class=\"has-ast-global-color-6-color has-text-color\" style=\"font-size:12px\">F\u00f6rs\u00e4ljning Skandinavien:<br><a rel=\"noreferrer noopener\" href=\"mailto:daniel@monroestainless.com\" target=\"_blank\"><strong>daniel@monroestainless.com<\/strong><\/a><\/p>\n\n\n\n<p class=\"has-ast-global-color-2-color has-text-color\" style=\"font-size:12px\">F\u00f6rs\u00e4ljning utanf\u00f6r Skandinavien (outside Scandinavian market):<br><a rel=\"noreferrer noopener\" href=\"mailto:arthur@monroestainless.com\" target=\"_blank\"><strong>arthur@monroestainless.com<\/strong><\/a><\/p>\n\n\n\n<p class=\"has-ast-global-color-6-color has-text-color\" style=\"font-size:12px\">MONROE STAINLESS<br><strong>Box 653<br>116 74 Stockholm<\/strong><\/p>\n<\/div><\/div>\n<\/div>\n<\/div>\n\n\n\n<div style=\"height:100px\" aria-hidden=\"true\" class=\"wp-block-spacer\"><\/div>\n<\/div><\/div>\n\n\n\n<p><\/p>\n","protected":false},"excerpt":{"rendered":"<p>varf\u00f6r MONROE STAINLESS Monroe Stainless startades av f\u00f6re detta bryggare och \u00e4r till f\u00f6r bryggare i huvudsak \u00e4ven om vi har tillverkat tankar f\u00f6r vin, mj\u00f6lk, cider, mj\u00f6d \u2013 ja allt m\u00f6jligt. Vi jobbar \u00f6ver hela v\u00e4rlden med olika partners. Monroe Stainless Sweden har F-skatt, momsregistrering och kan hj\u00e4lpa till med leasing\/finansiering. KONTAKT info@monroestainless.com F\u00f6rs\u00e4ljning &hellip;<\/p>\n<p class=\"read-more\"> <a class=\"\" href=\"https:\/\/monroestainless.com\/?page_id=2162\"> <span class=\"screen-reader-text\">Contact<\/span> Read More &raquo;<\/a><\/p>\n","protected":false},"author":1,"featured_media":0,"parent":0,"menu_order":0,"comment_status":"closed","ping_status":"closed","template":"elementor_theme","meta":{"site-sidebar-layout":"no-sidebar","site-content-layout":"plain-container","ast-main-header-display":"","ast-hfb-above-header-display":"","ast-hfb-below-header-display":"","ast-hfb-mobile-header-display":"","site-post-title":"disabled","ast-breadcrumbs-content":"","ast-featured-img":"disabled","footer-sml-layout":"","theme-transparent-header-meta":"enabled","adv-header-id-meta":"","stick-header-meta":"","header-above-stick-meta":"","header-main-stick-meta":"","header-below-stick-meta":"","footnotes":""},"class_list":["post-2162","page","type-page","status-publish","hentry"],"uagb_featured_image_src":{"full":false,"thumbnail":false,"medium":false,"medium_large":false,"large":false,"1536x1536":false,"2048x2048":false},"uagb_author_info":{"display_name":"admin","author_link":"https:\/\/monroestainless.com\/?author=1"},"uagb_comment_info":0,"uagb_excerpt":"varf\u00f6r MONROE STAINLESS Monroe Stainless startades av f\u00f6re detta bryggare och \u00e4r till f\u00f6r bryggare i huvudsak \u00e4ven om vi har tillverkat tankar f\u00f6r vin, mj\u00f6lk, cider, mj\u00f6d \u2013 ja allt m\u00f6jligt. Vi jobbar \u00f6ver hela v\u00e4rlden med olika partners. Monroe Stainless Sweden har F-skatt, momsregistrering och kan hj\u00e4lpa till med leasing\/finansiering. KONTAKT info@monroestainless.com F\u00f6rs\u00e4ljning&hellip;","_links":{"self":[{"href":"https:\/\/monroestainless.com\/index.php?rest_route=\/wp\/v2\/pages\/2162","targetHints":{"allow":["GET"]}}],"collection":[{"href":"https:\/\/monroestainless.com\/index.php?rest_route=\/wp\/v2\/pages"}],"about":[{"href":"https:\/\/monroestainless.com\/index.php?rest_route=\/wp\/v2\/types\/page"}],"author":[{"embeddable":true,"href":"https:\/\/monroestainless.com\/index.php?rest_route=\/wp\/v2\/users\/1"}],"replies":[{"embeddable":true,"href":"https:\/\/monroestainless.com\/index.php?rest_route=%2Fwp%2Fv2%2Fcomments&post=2162"}],"version-history":[{"count":9,"href":"https:\/\/monroestainless.com\/index.php?rest_route=\/wp\/v2\/pages\/2162\/revisions"}],"predecessor-version":[{"id":3240,"href":"https:\/\/monroestainless.com\/index.php?rest_route=\/wp\/v2\/pages\/2162\/revisions\/3240"}],"wp:attachment":[{"href":"https:\/\/monroestainless.com\/index.php?rest_route=%2Fwp%2Fv2%2Fmedia&parent=2162"}],"curies":[{"name":"wp","href":"https:\/\/api.w.org\/{rel}","templated":true}]}}