{"id":2578,"date":"2022-01-15T20:41:48","date_gmt":"2022-01-15T20:41:48","guid":{"rendered":"https:\/\/monroestainless.com\/?page_id=2578"},"modified":"2022-01-29T11:52:27","modified_gmt":"2022-01-29T11:52:27","slug":"begagnat","status":"publish","type":"page","link":"https:\/\/monroestainless.com\/eng\/?page_id=2578","title":{"rendered":"begagnat"},"content":{"rendered":"\n<div class=\"wp-block-group alignfull has-background is-layout-flow wp-block-group-is-layout-flow\" style=\"background-color:#ffffff\"><div class=\"wp-block-group__inner-container\">\n<h2 class=\"has-text-align-center wp-block-heading\" id=\"begagnat\">BEGAGNAT<\/h2>\n\n\n\n<div class=\"wp-block-columns is-layout-flex wp-container-core-columns-is-layout-9d6595d7 wp-block-columns-is-layout-flex\">\n<div class=\"wp-block-column is-layout-flow wp-block-column-is-layout-flow\">\n<figure class=\"wp-block-image size-full is-style-default\"><img loading=\"lazy\" decoding=\"async\" width=\"800\" height=\"450\" src=\"https:\/\/monroestainless.com\/eng\/wp-content\/uploads\/2022\/01\/ovr-1-edited.jpg\" alt=\"\" class=\"wp-image-2922\" srcset=\"https:\/\/monroestainless.com\/eng\/wp-content\/uploads\/2022\/01\/ovr-1-edited.jpg 800w, https:\/\/monroestainless.com\/eng\/wp-content\/uploads\/2022\/01\/ovr-1-edited-300x169.jpg 300w, https:\/\/monroestainless.com\/eng\/wp-content\/uploads\/2022\/01\/ovr-1-edited-768x432.jpg 768w\" sizes=\"auto, (max-width: 800px) 100vw, 800px\" \/><\/figure>\n<\/div>\n\n\n\n<div class=\"wp-block-column is-layout-flow wp-block-column-is-layout-flow\">\n<p><br>Monroe b\u00e5de k\u00f6per och s\u00e4ljer begagnad utrustning.<\/p>\n\n\n\n<p> I dagsl\u00e4get har vi inget begagnat.<\/p>\n\n\n\n<div style=\"height:50px\" aria-hidden=\"true\" class=\"wp-block-spacer\"><\/div>\n\n\n\n<div class=\"wp-block-columns is-layout-flex wp-container-core-columns-is-layout-9d6595d7 wp-block-columns-is-layout-flex\">\n<div class=\"wp-block-column is-layout-flow wp-block-column-is-layout-flow\">\n<div class=\"wp-block-buttons is-layout-flex wp-block-buttons-is-layout-flex\">\n<div class=\"wp-block-button\"><a class=\"wp-block-button__link\" href=\"mailto:info@monroestainless.com\">kontakta oss f\u00f6r mer info<\/a><\/div>\n<\/div>\n\n\n\n<p class=\"has-small-font-size\"><a href=\"https:\/\/monroestainless.com\/eng\/?page_id=2423\" data-type=\"page\" data-id=\"2423\">tillbaka till produkter<\/a> <\/p>\n<\/div>\n<\/div>\n<\/div>\n<\/div>\n<\/div><\/div>\n\n\n\n<div class=\"wp-block-group alignfull has-ast-global-color-4-background-color has-background is-layout-flow wp-block-group-is-layout-flow\"><div class=\"wp-block-group__inner-container\">\n<div class=\"wp-block-columns alignwide is-layout-flex wp-container-core-columns-is-layout-9d6595d7 wp-block-columns-is-layout-flex\">\n<div class=\"wp-block-column is-layout-flow wp-block-column-is-layout-flow\">\n<h3 class=\"has-medium-font-size wp-block-heading\" id=\"varfor-monroe-stainless\">varf\u00f6r MONROE STAINLESS<\/h3>\n\n\n\n<p class=\"has-normal-font-size\">Monroe Stainless startades av f\u00f6re detta bryggare och \u00e4r till f\u00f6r bryggare i huvudsak \u00e4ven om vi har tillverkat tankar f\u00f6r vin, mj\u00f6lk, cider, mj\u00f6d \u2013 ja allt m\u00f6jligt. Vi jobbar \u00f6ver hela v\u00e4rlden med olika partners. Monroe Stainless Sweden har F-skatt, momsregistrering och kan hj\u00e4lpa till med leasing\/finansiering.<\/p>\n<\/div>\n\n\n\n<div class=\"wp-block-column is-layout-flow wp-block-column-is-layout-flow\">\n<h3 class=\"has-medium-font-size wp-block-heading\" id=\"kontakt\">kontakt<\/h3>\n\n\n\n<p class=\"has-normal-font-size\">F\u00f6r mer info, maila:<br><a href=\"mailto:info@monroestainless.com\">info@monroestainless.com<\/a><\/p>\n\n\n\n<p class=\"has-normal-font-size\">F\u00f6rs\u00e4ljning Skandinaviska marknaden:<br><a href=\"mailto:daniel@monroestainless.com\">daniel@monroestainless.com<\/a><\/p>\n\n\n\n<p class=\"has-normal-font-size\">F\u00f6rs\u00e4ljning utanf\u00f6r Skandinavien (outside Scandinavian market):&nbsp;<br><a href=\"mailto:arthur@monroestainless.com\">arthur@monroestainless.com<\/a><\/p>\n<\/div>\n<\/div>\n<\/div><\/div>\n\n\n\n<p><\/p>\n","protected":false},"excerpt":{"rendered":"<p>BEGAGNAT Monroe b\u00e5de k\u00f6per och s\u00e4ljer begagnad utrustning. I dagsl\u00e4get har vi inget begagnat. tillbaka till produkter varf\u00f6r MONROE STAINLESS Monroe Stainless startades av f\u00f6re detta bryggare och \u00e4r till f\u00f6r bryggare i huvudsak \u00e4ven om vi har tillverkat tankar f\u00f6r vin, mj\u00f6lk, cider, mj\u00f6d \u2013 ja allt m\u00f6jligt. Vi jobbar \u00f6ver hela v\u00e4rlden med &hellip;<\/p>\n<p class=\"read-more\"> <a class=\"\" href=\"https:\/\/monroestainless.com\/eng\/?page_id=2578\"> <span class=\"screen-reader-text\">begagnat<\/span> Read More &raquo;<\/a><\/p>\n","protected":false},"author":1,"featured_media":0,"parent":0,"menu_order":0,"comment_status":"closed","ping_status":"closed","template":"","meta":{"site-sidebar-layout":"default","site-content-layout":"plain-container","ast-main-header-display":"","ast-hfb-above-header-display":"","ast-hfb-below-header-display":"","ast-hfb-mobile-header-display":"","site-post-title":"disabled","ast-breadcrumbs-content":"","ast-featured-img":"disabled","footer-sml-layout":"","theme-transparent-header-meta":"","adv-header-id-meta":"","stick-header-meta":"","header-above-stick-meta":"","header-main-stick-meta":"","header-below-stick-meta":"","footnotes":""},"class_list":["post-2578","page","type-page","status-publish","hentry"],"uagb_featured_image_src":{"full":false,"thumbnail":false,"medium":false,"medium_large":false,"large":false,"1536x1536":false,"2048x2048":false},"uagb_author_info":{"display_name":"admin","author_link":"https:\/\/monroestainless.com\/eng\/?author=1"},"uagb_comment_info":0,"uagb_excerpt":"BEGAGNAT Monroe b\u00e5de k\u00f6per och s\u00e4ljer begagnad utrustning. I dagsl\u00e4get har vi inget begagnat. tillbaka till produkter varf\u00f6r MONROE STAINLESS Monroe Stainless startades av f\u00f6re detta bryggare och \u00e4r till f\u00f6r bryggare i huvudsak \u00e4ven om vi har tillverkat tankar f\u00f6r vin, mj\u00f6lk, cider, mj\u00f6d \u2013 ja allt m\u00f6jligt. Vi jobbar \u00f6ver hela v\u00e4rlden med&hellip;","_links":{"self":[{"href":"https:\/\/monroestainless.com\/eng\/index.php?rest_route=\/wp\/v2\/pages\/2578","targetHints":{"allow":["GET"]}}],"collection":[{"href":"https:\/\/monroestainless.com\/eng\/index.php?rest_route=\/wp\/v2\/pages"}],"about":[{"href":"https:\/\/monroestainless.com\/eng\/index.php?rest_route=\/wp\/v2\/types\/page"}],"author":[{"embeddable":true,"href":"https:\/\/monroestainless.com\/eng\/index.php?rest_route=\/wp\/v2\/users\/1"}],"replies":[{"embeddable":true,"href":"https:\/\/monroestainless.com\/eng\/index.php?rest_route=%2Fwp%2Fv2%2Fcomments&post=2578"}],"version-history":[{"count":8,"href":"https:\/\/monroestainless.com\/eng\/index.php?rest_route=\/wp\/v2\/pages\/2578\/revisions"}],"predecessor-version":[{"id":3004,"href":"https:\/\/monroestainless.com\/eng\/index.php?rest_route=\/wp\/v2\/pages\/2578\/revisions\/3004"}],"wp:attachment":[{"href":"https:\/\/monroestainless.com\/eng\/index.php?rest_route=%2Fwp%2Fv2%2Fmedia&parent=2578"}],"curies":[{"name":"wp","href":"https:\/\/api.w.org\/{rel}","templated":true}]}}