{"id":2576,"date":"2022-01-15T20:40:16","date_gmt":"2022-01-15T20:40:16","guid":{"rendered":"https:\/\/monroestainless.com\/?page_id=2576"},"modified":"2022-01-28T20:40:12","modified_gmt":"2022-01-28T20:40:12","slug":"tapputrustning","status":"publish","type":"page","link":"https:\/\/monroestainless.com\/eng\/?page_id=2576","title":{"rendered":"Tapputrustning"},"content":{"rendered":"\n<div class=\"wp-block-group alignfull has-background is-layout-flow wp-block-group-is-layout-flow\" style=\"background-color:#ffffff\"><div class=\"wp-block-group__inner-container\">\n<h2 class=\"has-text-align-center wp-block-heading\" id=\"tapputrustning\">TAPPUTRUSTNING<\/h2>\n\n\n\n<div class=\"wp-block-columns is-layout-flex wp-container-core-columns-is-layout-9d6595d7 wp-block-columns-is-layout-flex\">\n<div class=\"wp-block-column is-layout-flow wp-block-column-is-layout-flow\">\n<div class=\"wp-block-image is-style-default\"><figure class=\"alignright size-large\"><img loading=\"lazy\" decoding=\"async\" width=\"1024\" height=\"683\" src=\"https:\/\/monroestainless.com\/eng\/wp-content\/uploads\/2022\/01\/canning-1024x683.jpg\" alt=\"\" class=\"wp-image-2826\" srcset=\"https:\/\/monroestainless.com\/eng\/wp-content\/uploads\/2022\/01\/canning-1024x683.jpg 1024w, https:\/\/monroestainless.com\/eng\/wp-content\/uploads\/2022\/01\/canning-300x200.jpg 300w, https:\/\/monroestainless.com\/eng\/wp-content\/uploads\/2022\/01\/canning-768x512.jpg 768w, https:\/\/monroestainless.com\/eng\/wp-content\/uploads\/2022\/01\/canning.jpg 1368w\" sizes=\"auto, (max-width: 1024px) 100vw, 1024px\" \/><\/figure><\/div>\n<\/div>\n\n\n\n<div class=\"wp-block-column is-layout-flow wp-block-column-is-layout-flow\">\n<p><br>Burk, flaska, PET eller bag in box?<\/p>\n\n\n\n<p>Vi hj\u00e4lper till med alla sorters tapputrustning i alla storlekar. <br>Vi arbetar med erk\u00e4nda m\u00e4rken fr\u00e5n USA, Kanada, Tyskland och Italien f\u00f6r att hitta precis din matchning.<\/p>\n\n\n\n<div style=\"height:50px\" aria-hidden=\"true\" class=\"wp-block-spacer\"><\/div>\n\n\n\n<div class=\"wp-block-columns is-layout-flex wp-container-core-columns-is-layout-9d6595d7 wp-block-columns-is-layout-flex\">\n<div class=\"wp-block-column is-layout-flow wp-block-column-is-layout-flow\">\n<div class=\"wp-block-buttons is-layout-flex wp-block-buttons-is-layout-flex\">\n<div class=\"wp-block-button\"><a class=\"wp-block-button__link\" href=\"mailto:info@monroestainless.com\">kontakta oss f\u00f6r mer info<\/a><\/div>\n<\/div>\n\n\n\n<p class=\"has-small-font-size\"><a href=\"https:\/\/monroestainless.com\/eng\/?page_id=2423\" data-type=\"page\" data-id=\"2423\">tillbaka till produkter<\/a> <\/p>\n<\/div>\n<\/div>\n<\/div>\n<\/div>\n<\/div><\/div>\n\n\n\n<div class=\"wp-block-group alignfull has-ast-global-color-4-background-color has-background is-layout-flow wp-block-group-is-layout-flow\"><div class=\"wp-block-group__inner-container\">\n<div class=\"wp-block-columns alignwide is-layout-flex wp-container-core-columns-is-layout-9d6595d7 wp-block-columns-is-layout-flex\">\n<div class=\"wp-block-column is-layout-flow wp-block-column-is-layout-flow\">\n<h3 class=\"has-medium-font-size wp-block-heading\" id=\"varfor-monroe-stainless\">varf\u00f6r MONROE STAINLESS<\/h3>\n\n\n\n<p class=\"has-normal-font-size\">Monroe Stainless startades av f\u00f6re detta bryggare och \u00e4r till f\u00f6r bryggare i huvudsak \u00e4ven om vi har tillverkat tankar f\u00f6r vin, mj\u00f6lk, cider, mj\u00f6d \u2013 ja allt m\u00f6jligt. Vi jobbar \u00f6ver hela v\u00e4rlden med olika partners. Monroe Stainless Sweden har F-skatt, momsregistrering och kan hj\u00e4lpa till med leasing\/finansiering.<\/p>\n<\/div>\n\n\n\n<div class=\"wp-block-column is-layout-flow wp-block-column-is-layout-flow\">\n<h3 class=\"has-medium-font-size wp-block-heading\" id=\"kontakt\">kontakt<\/h3>\n\n\n\n<p class=\"has-normal-font-size\">F\u00f6r mer info, maila:<br><a href=\"mailto:info@monroestainless.com\">info@monroestainless.com<\/a><\/p>\n\n\n\n<p class=\"has-normal-font-size\">F\u00f6rs\u00e4ljning Skandinaviska marknaden:<br><a href=\"mailto:daniel@monroestainless.com\">daniel@monroestainless.com<\/a><\/p>\n\n\n\n<p class=\"has-normal-font-size\">F\u00f6rs\u00e4ljning utanf\u00f6r Skandinavien (outside Scandinavian market):&nbsp;<br><a href=\"mailto:arthur@monroestainless.com\">arthur@monroestainless.com<\/a><\/p>\n<\/div>\n<\/div>\n<\/div><\/div>\n\n\n\n<p><\/p>\n","protected":false},"excerpt":{"rendered":"<p>TAPPUTRUSTNING Burk, flaska, PET eller bag in box? Vi hj\u00e4lper till med alla sorters tapputrustning i alla storlekar. Vi arbetar med erk\u00e4nda m\u00e4rken fr\u00e5n USA, Kanada, Tyskland och Italien f\u00f6r att hitta precis din matchning. tillbaka till produkter varf\u00f6r MONROE STAINLESS Monroe Stainless startades av f\u00f6re detta bryggare och \u00e4r till f\u00f6r bryggare i huvudsak &hellip;<\/p>\n<p class=\"read-more\"> <a class=\"\" href=\"https:\/\/monroestainless.com\/eng\/?page_id=2576\"> <span class=\"screen-reader-text\">Tapputrustning<\/span> Read More &raquo;<\/a><\/p>\n","protected":false},"author":1,"featured_media":0,"parent":0,"menu_order":0,"comment_status":"closed","ping_status":"closed","template":"","meta":{"site-sidebar-layout":"default","site-content-layout":"plain-container","ast-main-header-display":"","ast-hfb-above-header-display":"","ast-hfb-below-header-display":"","ast-hfb-mobile-header-display":"","site-post-title":"disabled","ast-breadcrumbs-content":"","ast-featured-img":"disabled","footer-sml-layout":"","theme-transparent-header-meta":"","adv-header-id-meta":"","stick-header-meta":"","header-above-stick-meta":"","header-main-stick-meta":"","header-below-stick-meta":"","footnotes":""},"class_list":["post-2576","page","type-page","status-publish","hentry"],"uagb_featured_image_src":{"full":false,"thumbnail":false,"medium":false,"medium_large":false,"large":false,"1536x1536":false,"2048x2048":false},"uagb_author_info":{"display_name":"admin","author_link":"https:\/\/monroestainless.com\/eng\/?author=1"},"uagb_comment_info":0,"uagb_excerpt":"TAPPUTRUSTNING Burk, flaska, PET eller bag in box? Vi hj\u00e4lper till med alla sorters tapputrustning i alla storlekar. Vi arbetar med erk\u00e4nda m\u00e4rken fr\u00e5n USA, Kanada, Tyskland och Italien f\u00f6r att hitta precis din matchning. tillbaka till produkter varf\u00f6r MONROE STAINLESS Monroe Stainless startades av f\u00f6re detta bryggare och \u00e4r till f\u00f6r bryggare i huvudsak&hellip;","_links":{"self":[{"href":"https:\/\/monroestainless.com\/eng\/index.php?rest_route=\/wp\/v2\/pages\/2576","targetHints":{"allow":["GET"]}}],"collection":[{"href":"https:\/\/monroestainless.com\/eng\/index.php?rest_route=\/wp\/v2\/pages"}],"about":[{"href":"https:\/\/monroestainless.com\/eng\/index.php?rest_route=\/wp\/v2\/types\/page"}],"author":[{"embeddable":true,"href":"https:\/\/monroestainless.com\/eng\/index.php?rest_route=\/wp\/v2\/users\/1"}],"replies":[{"embeddable":true,"href":"https:\/\/monroestainless.com\/eng\/index.php?rest_route=%2Fwp%2Fv2%2Fcomments&post=2576"}],"version-history":[{"count":9,"href":"https:\/\/monroestainless.com\/eng\/index.php?rest_route=\/wp\/v2\/pages\/2576\/revisions"}],"predecessor-version":[{"id":2899,"href":"https:\/\/monroestainless.com\/eng\/index.php?rest_route=\/wp\/v2\/pages\/2576\/revisions\/2899"}],"wp:attachment":[{"href":"https:\/\/monroestainless.com\/eng\/index.php?rest_route=%2Fwp%2Fv2%2Fmedia&parent=2576"}],"curies":[{"name":"wp","href":"https:\/\/api.w.org\/{rel}","templated":true}]}}