{"id":2574,"date":"2022-01-15T20:38:14","date_gmt":"2022-01-15T20:38:14","guid":{"rendered":"https:\/\/monroestainless.com\/?page_id=2574"},"modified":"2022-01-29T09:23:33","modified_gmt":"2022-01-29T09:23:33","slug":"komplett-bryggeri","status":"publish","type":"page","link":"https:\/\/monroestainless.com\/eng\/?page_id=2574","title":{"rendered":"komplett bryggeri"},"content":{"rendered":"\n<div class=\"wp-block-group alignfull has-background is-layout-flow wp-block-group-is-layout-flow\" style=\"background-color:#ffffff\"><div class=\"wp-block-group__inner-container\">\n<h2 class=\"has-text-align-center wp-block-heading\" id=\"komplett-bryggeri\">KOMPLETT BRYGGERI<\/h2>\n\n\n\n<div class=\"wp-block-columns is-layout-flex wp-container-core-columns-is-layout-9d6595d7 wp-block-columns-is-layout-flex\">\n<div class=\"wp-block-column is-layout-flow wp-block-column-is-layout-flow\">\n<div class=\"wp-block-image is-style-default\"><figure class=\"alignright size-full\"><img loading=\"lazy\" decoding=\"async\" width=\"800\" height=\"800\" src=\"https:\/\/monroestainless.com\/eng\/wp-content\/uploads\/2022\/01\/ovrigt.jpg\" alt=\"\" class=\"wp-image-2841\" srcset=\"https:\/\/monroestainless.com\/eng\/wp-content\/uploads\/2022\/01\/ovrigt.jpg 800w, https:\/\/monroestainless.com\/eng\/wp-content\/uploads\/2022\/01\/ovrigt-300x300.jpg 300w, https:\/\/monroestainless.com\/eng\/wp-content\/uploads\/2022\/01\/ovrigt-150x150.jpg 150w, https:\/\/monroestainless.com\/eng\/wp-content\/uploads\/2022\/01\/ovrigt-768x768.jpg 768w\" sizes=\"auto, (max-width: 800px) 100vw, 800px\" \/><\/figure><\/div>\n<\/div>\n\n\n\n<div class=\"wp-block-column is-layout-flow wp-block-column-is-layout-flow\">\n<p>Monroe hj\u00e4lper g\u00e4rna till att ta fram ett helt bryggeri, vi har stor erfarenhet fr\u00e5n att starta fr\u00e5n scratch till att uppgradera befintlig bryggutrustning.<\/p>\n\n\n\n<p>Har du bara en ritning p\u00e5 lokalen s\u00e5 kan vi fixa resten.<\/p>\n\n\n\n<p><strong>Maltkross:<\/strong><br>Varierande kapacitet fr\u00e5n 50kg-5000kg i timmen.<\/p>\n\n\n\n<p><strong>Kylsystem:<\/strong><br>V\u00e5ra kylsystem har alltid erk\u00e4nda m\u00e4rken p\u00e5&nbsp; kompressorer och annan utrustning, t ex Toshiba.<\/p>\n\n\n\n<p>Vi kan skr\u00e4ddarsy exakt hur ni vill ha det, med eller utan tryck.<\/p>\n\n\n\n<div style=\"height:50px\" aria-hidden=\"true\" class=\"wp-block-spacer\"><\/div>\n\n\n\n<div class=\"wp-block-columns is-layout-flex wp-container-core-columns-is-layout-9d6595d7 wp-block-columns-is-layout-flex\">\n<div class=\"wp-block-column is-layout-flow wp-block-column-is-layout-flow\">\n<div class=\"wp-block-buttons is-layout-flex wp-block-buttons-is-layout-flex\">\n<div class=\"wp-block-button\"><a class=\"wp-block-button__link\" href=\"mailto:info@monroestainless.com\">kontakta oss f\u00f6r mer info<\/a><\/div>\n<\/div>\n\n\n\n<p class=\"has-small-font-size\"><a href=\"https:\/\/monroestainless.com\/eng\/?page_id=2423\" data-type=\"page\" data-id=\"2423\">tillbaka till produkter<\/a> <\/p>\n<\/div>\n<\/div>\n<\/div>\n<\/div>\n\n\n<style>#jtg-2858 .modula-item { border: 1px solid #e8e8e8; }#jtg-2858 .modula-item .jtg-social a, .lightbox-socials.jtg-social a{ color: #ffffff }#jtg-2858 .modula-item .jtg-social svg, .lightbox-socials.jtg-social svg { height: 16px; width: 16px }#jtg-2858 .modula-item .jtg-social a:not(:last-child), .lightbox-socials.jtg-social a:not(:last-child) { margin-right: 10px }#jtg-2858 .modula-item .figc {color:#0f0f0f;}#jtg-2858 .modula-item .figc .jtg-title {  font-size: 6px; }#jtg-2858 .modula-item .modula-item-content { transform: scale(1) }#jtg-2858 { width:100%;}#jtg-2858 .modula-items .figc p.description { font-size:8px; }#jtg-2858 .modula-items .figc p.description { color:#0f0f0f;}#jtg-2858 .modula-items .figc .jtg-title { color:#0f0f0f; }#jtg-2858.modula-gallery .modula-item > a, #jtg-2858.modula-gallery .modula-item, #jtg-2858.modula-gallery .modula-item-content > a { cursor:pointer; } #jtg-2858.modula-gallery .modula-item, #jtg-2858.modula-gallery .modula-grid-sizer { width: calc(25% - 3px) ; } @media (max-width: 768px) { html body #jtg-2858.modula-gallery .modula-item, html body  #jtg-2858.modula-gallery .modula-grid-sizer {width: calc(25% - 2.25px ) ; } }@media (max-width: 568px) { html body #jtg-2858.modula-gallery .modula-item, html body  #jtg-2858.modula-gallery .modula-grid-sizer {width: calc(25% - 1.5px ) ; } }#jtg-2858 .modula-items{position:relative;}@media screen and (max-width:480px){#jtg-2858 .modula-item .figc .jtg-title {  font-size: 6px; }#jtg-2858 .modula-items .figc p.description { color:#0f0f0f;font-size:8px; }}#jtg-2858 .modula-items .modula-item:hover img{opacity:1;}<\/style>\n<!-- Gallery Container -->\r\n<div  id=\"jtg-2858\" class=\"modula modula-gallery modula-columns\" data-config=\"{&quot;tabletHeight&quot;:800,&quot;mobileHeight&quot;:800,&quot;desktopHeight&quot;:800,&quot;enableTwitter&quot;:false,&quot;enableWhatsapp&quot;:false,&quot;enableFacebook&quot;:false,&quot;enablePinterest&quot;:false,&quot;enableLinkedin&quot;:false,&quot;enableEmail&quot;:false,&quot;randomFactor&quot;:0.5,&quot;type&quot;:&quot;grid&quot;,&quot;columns&quot;:12,&quot;gutter&quot;:4,&quot;mobileGutter&quot;:2,&quot;tabletGutter&quot;:3,&quot;desktopGutter&quot;:4,&quot;enableResponsive&quot;:&quot;0&quot;,&quot;tabletColumns&quot;:&quot;2&quot;,&quot;mobileColumns&quot;:&quot;1&quot;,&quot;lazyLoad&quot;:&quot;0&quot;,&quot;lightboxOpts&quot;:{&quot;loop&quot;:false,&quot;arrows&quot;:true,&quot;toolbar&quot;:true,&quot;keyboard&quot;:false,&quot;wheel&quot;:false,&quot;buttons&quot;:[&quot;close&quot;],&quot;hash&quot;:false,&quot;lang&quot;:&quot;en&quot;,&quot;touch&quot;:false,&quot;protect&quot;:false,&quot;i18n&quot;:{&quot;en&quot;:{&quot;CLOSE&quot;:&quot;Close&quot;,&quot;NEXT&quot;:&quot;Next&quot;,&quot;PREV&quot;:&quot;Previous&quot;,&quot;Error&quot;:&quot;The requested content cannot be loaded. Please try again later.&quot;,&quot;PLAY_START&quot;:&quot;Start slideshow&quot;,&quot;PLAY_STOP&quot;:&quot;Pause slideshow&quot;,&quot;FULL_SCREEN&quot;:&quot;Full screen&quot;,&quot;THUMBS&quot;:&quot;Thumbnails&quot;,&quot;DOWNLOAD&quot;:&quot;Download&quot;,&quot;SHARE&quot;:&quot;Share&quot;,&quot;ZOOM&quot;:&quot;Zoom&quot;}},&quot;clickSlide&quot;:false,&quot;clickOutside&quot;:false,&quot;dblclickContent&quot;:false,&quot;dblclickSlide&quot;:false,&quot;dblclickOutside&quot;:false,&quot;clickContent&quot;:false,&quot;baseTpl&quot;:&quot;&lt;div class=\\&quot;modula-fancybox-container modula-lightbox-jtg-2858\\&quot; role=\\&quot;dialog\\&quot; tabindex=\\&quot;-1\\&quot;&gt;&lt;div class=\\&quot;modula-fancybox-bg\\&quot;&gt;&lt;\\\/div&gt;&lt;div class=\\&quot;modula-fancybox-inner\\&quot;&gt;&lt;div class=\\&quot;modula-fancybox-infobar\\&quot;&gt;&lt;span data-fancybox-index&gt;&lt;\\\/span&gt;&nbsp;\\\/&nbsp;&lt;span data-fancybox-count&gt;&lt;\\\/span&gt;&lt;\\\/div&gt;&lt;div class=\\&quot;modula-fancybox-toolbar\\&quot;&gt;{{buttons}}&lt;\\\/div&gt;&lt;div class=\\&quot;modula-fancybox-navigation\\&quot;&gt;{{arrows}}&lt;\\\/div&gt;&lt;div class=\\&quot;modula-fancybox-stage\\&quot;&gt;&lt;\\\/div&gt;&lt;div class=\\&quot;modula-fancybox-caption\\&quot;&gt;&lt;div class=\\&quot;modula-fancybox-caption__body\\&quot;&gt;&lt;\\\/div&gt;&lt;\\\/div&gt;&lt;\\\/div&gt;&lt;\\\/div&gt;&quot;},&quot;inView&quot;:false,&quot;email_subject&quot;:&quot;Check out this awesome image !!&quot;,&quot;email_message&quot;:&quot;Here is the link to the image : %%image_link%% and this is the link to the gallery : %%gallery_link%%&quot;,&quot;grid_type&quot;:&quot;4&quot;,&quot;rowHeight&quot;:150,&quot;lastRow&quot;:&quot;justify&quot;,&quot;lightbox&quot;:&quot;fancybox&quot;}\">\r\n\r\n\t<div class=\"modula-grid-sizer\"> <\/div>\r\n\t<!-- Items Container -->\r\n\t<div  class=\"modula-items grid-gallery\">\r\n\t\t<div class=\"modula-item\" >\r\n\t<div class=\"modula-item-content\">\r\n\t\t\r\n\t\t\t\t\t<a data-image-id=\"2986\" href=\"https:\/\/monroestainless.com\/eng\/wp-content\/uploads\/2022\/01\/300l-nano-brewery-equipment-2-1.jpg\" rel=\"jtg-2858\" data-caption=\"MonroeStainless_300l nano brewery equipment-2\" aria-label=\"Open image in lightbox\" title=\"Open image in lightbox\" class=\"tile-inner modula-item-link\"><\/a>\r\n\t\t\r\n\t\t<img loading=\"lazy\" decoding=\"async\" class=\"pic wp-image-2986\"  data-valign=\"bottom\" data-halign=\"left\" alt=\"MonroeStainless_300l nano brewery equipment-2\" data-full=\"https:\/\/monroestainless.com\/wp-content\/uploads\/2022\/01\/300l-nano-brewery-equipment-2-1.jpg\" title=\"MonroeStainless_300l nano brewery equipment-2\" width=\"150\" height=\"150\" src=\"https:\/\/monroestainless.com\/eng\/wp-content\/uploads\/2022\/01\/300l-nano-brewery-equipment-2-1-150x150.jpg\" data-src=\"https:\/\/monroestainless.com\/eng\/wp-content\/uploads\/2022\/01\/300l-nano-brewery-equipment-2-1-150x150.jpg\" data-caption=\"MonroeStainless_300l nano brewery equipment-2\"srcset=\"https:\/\/monroestainless.com\/eng\/wp-content\/uploads\/2022\/01\/300l-nano-brewery-equipment-2-1-150x150.jpg 150w, https:\/\/monroestainless.com\/eng\/wp-content\/uploads\/2022\/01\/300l-nano-brewery-equipment-2-1-300x300.jpg 300w, https:\/\/monroestainless.com\/eng\/wp-content\/uploads\/2022\/01\/300l-nano-brewery-equipment-2-1-768x768.jpg 768w, https:\/\/monroestainless.com\/eng\/wp-content\/uploads\/2022\/01\/300l-nano-brewery-equipment-2-1.jpg 1000w\" sizes=\"auto, (max-width: 150px) 100vw, 150px\"\" srcset=\"https:\/\/monroestainless.com\/eng\/wp-content\/uploads\/2022\/01\/300l-nano-brewery-equipment-2-1-150x150.jpg 150w, https:\/\/monroestainless.com\/eng\/wp-content\/uploads\/2022\/01\/300l-nano-brewery-equipment-2-1-300x300.jpg 300w, https:\/\/monroestainless.com\/eng\/wp-content\/uploads\/2022\/01\/300l-nano-brewery-equipment-2-1-768x768.jpg 768w, https:\/\/monroestainless.com\/eng\/wp-content\/uploads\/2022\/01\/300l-nano-brewery-equipment-2-1.jpg 1000w\" \/>\r\n\t<\/div>\r\n\r\n<\/div><div class=\"modula-item\" >\r\n\t<div class=\"modula-item-content\">\r\n\t\t\r\n\t\t\t\t\t<a data-image-id=\"2987\" href=\"https:\/\/monroestainless.com\/eng\/wp-content\/uploads\/2022\/01\/500L\u7535\u52a0\u70ed\u7cd6\u5316logo-2.jpg\" rel=\"jtg-2858\" data-caption=\"500L\" aria-label=\"Open image in lightbox\" title=\"Open image in lightbox\" class=\"tile-inner modula-item-link\"><\/a>\r\n\t\t\r\n\t\t<img loading=\"lazy\" decoding=\"async\" class=\"pic wp-image-2987\"  data-valign=\"bottom\" data-halign=\"left\" alt=\"500L\" data-full=\"https:\/\/monroestainless.com\/wp-content\/uploads\/2022\/01\/500L\u7535\u52a0\u70ed\u7cd6\u5316logo-2.jpg\" title=\"MonroeStainless_500L\" width=\"150\" height=\"150\" src=\"https:\/\/monroestainless.com\/eng\/wp-content\/uploads\/2022\/01\/500L\u7535\u52a0\u70ed\u7cd6\u5316logo-2-150x150.jpg\" data-src=\"https:\/\/monroestainless.com\/eng\/wp-content\/uploads\/2022\/01\/500L\u7535\u52a0\u70ed\u7cd6\u5316logo-2-150x150.jpg\" data-caption=\"500L\"srcset=\"https:\/\/monroestainless.com\/eng\/wp-content\/uploads\/2022\/01\/500L\u7535\u52a0\u70ed\u7cd6\u5316logo-2-150x150.jpg 150w, https:\/\/monroestainless.com\/eng\/wp-content\/uploads\/2022\/01\/500L\u7535\u52a0\u70ed\u7cd6\u5316logo-2-300x300.jpg 300w, https:\/\/monroestainless.com\/eng\/wp-content\/uploads\/2022\/01\/500L\u7535\u52a0\u70ed\u7cd6\u5316logo-2.jpg 750w\" sizes=\"auto, (max-width: 150px) 100vw, 150px\"\" srcset=\"https:\/\/monroestainless.com\/eng\/wp-content\/uploads\/2022\/01\/500L\u7535\u52a0\u70ed\u7cd6\u5316logo-2-150x150.jpg 150w, https:\/\/monroestainless.com\/eng\/wp-content\/uploads\/2022\/01\/500L\u7535\u52a0\u70ed\u7cd6\u5316logo-2-300x300.jpg 300w, https:\/\/monroestainless.com\/eng\/wp-content\/uploads\/2022\/01\/500L\u7535\u52a0\u70ed\u7cd6\u5316logo-2.jpg 750w\" \/>\r\n\t<\/div>\r\n\r\n<\/div><div class=\"modula-item\" >\r\n\t<div class=\"modula-item-content\">\r\n\t\t\r\n\t\t\t\t\t<a data-image-id=\"2988\" href=\"https:\/\/monroestainless.com\/eng\/wp-content\/uploads\/2022\/01\/1000L-2-2.jpg\" rel=\"jtg-2858\" data-caption=\"MonroeStainless_1000L\" aria-label=\"Open image in lightbox\" title=\"Open image in lightbox\" class=\"tile-inner modula-item-link\"><\/a>\r\n\t\t\r\n\t\t<img loading=\"lazy\" decoding=\"async\" class=\"pic wp-image-2988\"  data-valign=\"bottom\" data-halign=\"left\" alt=\"MonroeStainless_1000L\" data-full=\"https:\/\/monroestainless.com\/wp-content\/uploads\/2022\/01\/1000L-2-2.jpg\" title=\"MonroeStainless_1000L\" width=\"150\" height=\"150\" src=\"https:\/\/monroestainless.com\/eng\/wp-content\/uploads\/2022\/01\/1000L-2-2-150x150.jpg\" data-src=\"https:\/\/monroestainless.com\/eng\/wp-content\/uploads\/2022\/01\/1000L-2-2-150x150.jpg\" data-caption=\"MonroeStainless_1000L\"srcset=\"https:\/\/monroestainless.com\/eng\/wp-content\/uploads\/2022\/01\/1000L-2-2-150x150.jpg 150w, https:\/\/monroestainless.com\/eng\/wp-content\/uploads\/2022\/01\/1000L-2-2-300x300.jpg 300w, https:\/\/monroestainless.com\/eng\/wp-content\/uploads\/2022\/01\/1000L-2-2-768x768.jpg 768w, https:\/\/monroestainless.com\/eng\/wp-content\/uploads\/2022\/01\/1000L-2-2.jpg 864w\" sizes=\"auto, (max-width: 150px) 100vw, 150px\"\" srcset=\"https:\/\/monroestainless.com\/eng\/wp-content\/uploads\/2022\/01\/1000L-2-2-150x150.jpg 150w, https:\/\/monroestainless.com\/eng\/wp-content\/uploads\/2022\/01\/1000L-2-2-300x300.jpg 300w, https:\/\/monroestainless.com\/eng\/wp-content\/uploads\/2022\/01\/1000L-2-2-768x768.jpg 768w, https:\/\/monroestainless.com\/eng\/wp-content\/uploads\/2022\/01\/1000L-2-2.jpg 864w\" \/>\r\n\t<\/div>\r\n\r\n<\/div><div class=\"modula-item\" >\r\n\t<div class=\"modula-item-content\">\r\n\t\t\r\n\t\t\t\t\t<a data-image-id=\"2989\" href=\"https:\/\/monroestainless.com\/eng\/wp-content\/uploads\/2022\/01\/1000L-2-3.jpg\" rel=\"jtg-2858\" data-caption=\"MonroeStainless_1000L\" aria-label=\"Open image in lightbox\" title=\"Open image in lightbox\" class=\"tile-inner modula-item-link\"><\/a>\r\n\t\t\r\n\t\t<img loading=\"lazy\" decoding=\"async\" class=\"pic wp-image-2989\"  data-valign=\"bottom\" data-halign=\"left\" alt=\"MonroeStainless_1000L\" data-full=\"https:\/\/monroestainless.com\/wp-content\/uploads\/2022\/01\/1000L-2-3.jpg\" title=\"MonroeStainless_1000L\" width=\"150\" height=\"150\" src=\"https:\/\/monroestainless.com\/eng\/wp-content\/uploads\/2022\/01\/1000L-2-3-150x150.jpg\" data-src=\"https:\/\/monroestainless.com\/eng\/wp-content\/uploads\/2022\/01\/1000L-2-3-150x150.jpg\" data-caption=\"MonroeStainless_1000L\"\/>\r\n\t<\/div>\r\n\r\n<\/div><div class=\"modula-item\" >\r\n\t<div class=\"modula-item-content\">\r\n\t\t\r\n\t\t\t\t\t<a data-image-id=\"2990\" href=\"https:\/\/monroestainless.com\/eng\/wp-content\/uploads\/2022\/01\/20235\u53551000\u5347\u7cd6\u5316\u4e09\u5668\u52a0\u70ed\u6c34\u71c3\u6c14\u9505\u7089-2.jpg\" rel=\"jtg-2858\" data-caption=\"MonroeStainless\" aria-label=\"Open image in lightbox\" title=\"Open image in lightbox\" class=\"tile-inner modula-item-link\"><\/a>\r\n\t\t\r\n\t\t<img loading=\"lazy\" decoding=\"async\" class=\"pic wp-image-2990\"  data-valign=\"bottom\" data-halign=\"left\" alt=\"MonroeStainless\" data-full=\"https:\/\/monroestainless.com\/wp-content\/uploads\/2022\/01\/20235\u53551000\u5347\u7cd6\u5316\u4e09\u5668\u52a0\u70ed\u6c34\u71c3\u6c14\u9505\u7089-2.jpg\" title=\"MonroeStainless\" width=\"150\" height=\"150\" src=\"https:\/\/monroestainless.com\/eng\/wp-content\/uploads\/2022\/01\/20235\u53551000\u5347\u7cd6\u5316\u4e09\u5668\u52a0\u70ed\u6c34\u71c3\u6c14\u9505\u7089-2-150x150.jpg\" data-src=\"https:\/\/monroestainless.com\/eng\/wp-content\/uploads\/2022\/01\/20235\u53551000\u5347\u7cd6\u5316\u4e09\u5668\u52a0\u70ed\u6c34\u71c3\u6c14\u9505\u7089-2-150x150.jpg\" data-caption=\"MonroeStainless\"\/>\r\n\t<\/div>\r\n\r\n<\/div><div class=\"modula-item\" >\r\n\t<div class=\"modula-item-content\">\r\n\t\t\r\n\t\t\t\t\t<a data-image-id=\"2991\" href=\"https:\/\/monroestainless.com\/eng\/wp-content\/uploads\/2022\/01\/\u4e09\u5668\u7cd6\u53161000L-2.jpg\" rel=\"jtg-2858\" data-caption=\"MonroeStainless_1000L\" aria-label=\"Open image in lightbox\" title=\"Open image in lightbox\" class=\"tile-inner modula-item-link\"><\/a>\r\n\t\t\r\n\t\t<img loading=\"lazy\" decoding=\"async\" class=\"pic wp-image-2991\"  data-valign=\"bottom\" data-halign=\"left\" alt=\"MonroeStainless_1000L\" data-full=\"https:\/\/monroestainless.com\/wp-content\/uploads\/2022\/01\/\u4e09\u5668\u7cd6\u53161000L-2.jpg\" title=\"MonroeStainless_1000L\" width=\"150\" height=\"150\" src=\"https:\/\/monroestainless.com\/eng\/wp-content\/uploads\/2022\/01\/\u4e09\u5668\u7cd6\u53161000L-2-150x150.jpg\" data-src=\"https:\/\/monroestainless.com\/eng\/wp-content\/uploads\/2022\/01\/\u4e09\u5668\u7cd6\u53161000L-2-150x150.jpg\" data-caption=\"MonroeStainless_1000L\"srcset=\"https:\/\/monroestainless.com\/eng\/wp-content\/uploads\/2022\/01\/\u4e09\u5668\u7cd6\u53161000L-2-150x150.jpg 150w, https:\/\/monroestainless.com\/eng\/wp-content\/uploads\/2022\/01\/\u4e09\u5668\u7cd6\u53161000L-2-300x300.jpg 300w, https:\/\/monroestainless.com\/eng\/wp-content\/uploads\/2022\/01\/\u4e09\u5668\u7cd6\u53161000L-2.jpg 750w\" sizes=\"auto, (max-width: 150px) 100vw, 150px\"\" srcset=\"https:\/\/monroestainless.com\/eng\/wp-content\/uploads\/2022\/01\/\u4e09\u5668\u7cd6\u53161000L-2-150x150.jpg 150w, https:\/\/monroestainless.com\/eng\/wp-content\/uploads\/2022\/01\/\u4e09\u5668\u7cd6\u53161000L-2-300x300.jpg 300w, https:\/\/monroestainless.com\/eng\/wp-content\/uploads\/2022\/01\/\u4e09\u5668\u7cd6\u53161000L-2.jpg 750w\" \/>\r\n\t<\/div>\r\n\r\n<\/div><div class=\"modula-item\" >\r\n\t<div class=\"modula-item-content\">\r\n\t\t\r\n\t\t\t\t\t<a data-image-id=\"2992\" href=\"https:\/\/monroestainless.com\/eng\/wp-content\/uploads\/2022\/01\/\u4e24\u5668\u7cd6\u53163-2.jpg\" rel=\"jtg-2858\" data-caption=\"MonroeStainless\" aria-label=\"Open image in lightbox\" title=\"Open image in lightbox\" class=\"tile-inner modula-item-link\"><\/a>\r\n\t\t\r\n\t\t<img loading=\"lazy\" decoding=\"async\" class=\"pic wp-image-2992\"  data-valign=\"bottom\" data-halign=\"left\" alt=\"MonroeStainless\" data-full=\"https:\/\/monroestainless.com\/wp-content\/uploads\/2022\/01\/\u4e24\u5668\u7cd6\u53163-2.jpg\" title=\"MonroeStainless\" width=\"150\" height=\"150\" src=\"https:\/\/monroestainless.com\/eng\/wp-content\/uploads\/2022\/01\/\u4e24\u5668\u7cd6\u53163-2-150x150.jpg\" data-src=\"https:\/\/monroestainless.com\/eng\/wp-content\/uploads\/2022\/01\/\u4e24\u5668\u7cd6\u53163-2-150x150.jpg\" data-caption=\"MonroeStainless\"srcset=\"https:\/\/monroestainless.com\/eng\/wp-content\/uploads\/2022\/01\/\u4e24\u5668\u7cd6\u53163-2-150x150.jpg 150w, https:\/\/monroestainless.com\/eng\/wp-content\/uploads\/2022\/01\/\u4e24\u5668\u7cd6\u53163-2-300x300.jpg 300w, https:\/\/monroestainless.com\/eng\/wp-content\/uploads\/2022\/01\/\u4e24\u5668\u7cd6\u53163-2.jpg 720w\" sizes=\"auto, (max-width: 150px) 100vw, 150px\"\" srcset=\"https:\/\/monroestainless.com\/eng\/wp-content\/uploads\/2022\/01\/\u4e24\u5668\u7cd6\u53163-2-150x150.jpg 150w, https:\/\/monroestainless.com\/eng\/wp-content\/uploads\/2022\/01\/\u4e24\u5668\u7cd6\u53163-2-300x300.jpg 300w, https:\/\/monroestainless.com\/eng\/wp-content\/uploads\/2022\/01\/\u4e24\u5668\u7cd6\u53163-2.jpg 720w\" \/>\r\n\t<\/div>\r\n\r\n<\/div><div class=\"modula-item\" >\r\n\t<div class=\"modula-item-content\">\r\n\t\t\r\n\t\t\t\t\t<a data-image-id=\"2993\" href=\"https:\/\/monroestainless.com\/eng\/wp-content\/uploads\/2022\/01\/\u4e24\u5668\u8c03\u8272\u540e2-2.jpg\" rel=\"jtg-2858\" data-caption=\"Monroe Stainless\" aria-label=\"Open image in lightbox\" title=\"Open image in lightbox\" class=\"tile-inner modula-item-link\"><\/a>\r\n\t\t\r\n\t\t<img loading=\"lazy\" decoding=\"async\" class=\"pic wp-image-2993\"  data-valign=\"bottom\" data-halign=\"left\" alt=\"Monroe Stainless\" data-full=\"https:\/\/monroestainless.com\/wp-content\/uploads\/2022\/01\/\u4e24\u5668\u8c03\u8272\u540e2-2.jpg\" title=\"Monroe Stainless\" width=\"150\" height=\"150\" src=\"https:\/\/monroestainless.com\/eng\/wp-content\/uploads\/2022\/01\/\u4e24\u5668\u8c03\u8272\u540e2-2-150x150.jpg\" data-src=\"https:\/\/monroestainless.com\/eng\/wp-content\/uploads\/2022\/01\/\u4e24\u5668\u8c03\u8272\u540e2-2-150x150.jpg\" data-caption=\"Monroe Stainless\"srcset=\"https:\/\/monroestainless.com\/eng\/wp-content\/uploads\/2022\/01\/\u4e24\u5668\u8c03\u8272\u540e2-2-150x150.jpg 150w, https:\/\/monroestainless.com\/eng\/wp-content\/uploads\/2022\/01\/\u4e24\u5668\u8c03\u8272\u540e2-2-300x300.jpg 300w, https:\/\/monroestainless.com\/eng\/wp-content\/uploads\/2022\/01\/\u4e24\u5668\u8c03\u8272\u540e2-2-768x768.jpg 768w, https:\/\/monroestainless.com\/eng\/wp-content\/uploads\/2022\/01\/\u4e24\u5668\u8c03\u8272\u540e2-2.jpg 800w\" sizes=\"auto, (max-width: 150px) 100vw, 150px\"\" srcset=\"https:\/\/monroestainless.com\/eng\/wp-content\/uploads\/2022\/01\/\u4e24\u5668\u8c03\u8272\u540e2-2-150x150.jpg 150w, https:\/\/monroestainless.com\/eng\/wp-content\/uploads\/2022\/01\/\u4e24\u5668\u8c03\u8272\u540e2-2-300x300.jpg 300w, https:\/\/monroestainless.com\/eng\/wp-content\/uploads\/2022\/01\/\u4e24\u5668\u8c03\u8272\u540e2-2-768x768.jpg 768w, https:\/\/monroestainless.com\/eng\/wp-content\/uploads\/2022\/01\/\u4e24\u5668\u8c03\u8272\u540e2-2.jpg 800w\" \/>\r\n\t<\/div>\r\n\r\n<\/div>\t\t\r\n\t<\/div>\r\n\r\n\t\r\n\t\r\n\t<script type=\"application\/ld+json\">\r\n\t{\r\n\t\t\"@context\": \"http:\/\/schema.org\",\r\n\t\t\"@type\"   : \"ImageGallery\",\r\n\t\t\"id\"      : \"https:\/\/monroestainless.com\/eng\",\r\n\t\t\"url\"     : \"https:\/\/monroestainless.com\/eng\"\r\n\t}\r\n\r\n    <\/script>\r\n\r\n\t\r\n<\/div>\n<\/div><\/div>\n\n\n\n<div class=\"wp-block-group alignfull has-ast-global-color-4-background-color has-background is-layout-flow wp-block-group-is-layout-flow\"><div class=\"wp-block-group__inner-container\">\n<div class=\"wp-block-columns alignwide is-layout-flex wp-container-core-columns-is-layout-9d6595d7 wp-block-columns-is-layout-flex\">\n<div class=\"wp-block-column is-layout-flow wp-block-column-is-layout-flow\">\n<h3 class=\"has-medium-font-size wp-block-heading\" id=\"varfor-monroe-stainless\">varf\u00f6r MONROE STAINLESS<\/h3>\n\n\n\n<p class=\"has-normal-font-size\">Monroe Stainless startades av f\u00f6re detta bryggare och \u00e4r till f\u00f6r bryggare i huvudsak \u00e4ven om vi har tillverkat tankar f\u00f6r vin, mj\u00f6lk, cider, mj\u00f6d \u2013 ja allt m\u00f6jligt. Vi jobbar \u00f6ver hela v\u00e4rlden med olika partners. Monroe Stainless Sweden har F-skatt, momsregistrering och kan hj\u00e4lpa till med leasing\/finansiering.<\/p>\n<\/div>\n\n\n\n<div class=\"wp-block-column is-layout-flow wp-block-column-is-layout-flow\">\n<h3 class=\"has-medium-font-size wp-block-heading\" id=\"kontakt\">kontakt<\/h3>\n\n\n\n<p class=\"has-normal-font-size\">F\u00f6r mer info, maila:<br><a href=\"mailto:info@monroestainless.com\">info@monroestainless.com<\/a><\/p>\n\n\n\n<p class=\"has-normal-font-size\">F\u00f6rs\u00e4ljning Skandinaviska marknaden:<br><a href=\"mailto:daniel@monroestainless.com\">daniel@monroestainless.com<\/a><\/p>\n\n\n\n<p class=\"has-normal-font-size\">F\u00f6rs\u00e4ljning utanf\u00f6r Skandinavien (outside Scandinavian market):&nbsp;<br><a href=\"mailto:arthur@monroestainless.com\">arthur@monroestainless.com<\/a><\/p>\n<\/div>\n<\/div>\n<\/div><\/div>\n","protected":false},"excerpt":{"rendered":"<p>KOMPLETT BRYGGERI Monroe hj\u00e4lper g\u00e4rna till att ta fram ett helt bryggeri, vi har stor erfarenhet fr\u00e5n att starta fr\u00e5n scratch till att uppgradera befintlig bryggutrustning. Har du bara en ritning p\u00e5 lokalen s\u00e5 kan vi fixa resten. Maltkross:Varierande kapacitet fr\u00e5n 50kg-5000kg i timmen. Kylsystem:V\u00e5ra kylsystem har alltid erk\u00e4nda m\u00e4rken p\u00e5&nbsp; kompressorer och annan utrustning, &hellip;<\/p>\n<p class=\"read-more\"> <a class=\"\" href=\"https:\/\/monroestainless.com\/eng\/?page_id=2574\"> <span class=\"screen-reader-text\">komplett bryggeri<\/span> Read More &raquo;<\/a><\/p>\n","protected":false},"author":1,"featured_media":0,"parent":0,"menu_order":0,"comment_status":"closed","ping_status":"closed","template":"","meta":{"site-sidebar-layout":"default","site-content-layout":"plain-container","ast-main-header-display":"","ast-hfb-above-header-display":"","ast-hfb-below-header-display":"","ast-hfb-mobile-header-display":"","site-post-title":"disabled","ast-breadcrumbs-content":"","ast-featured-img":"disabled","footer-sml-layout":"","theme-transparent-header-meta":"","adv-header-id-meta":"","stick-header-meta":"","header-above-stick-meta":"","header-main-stick-meta":"","header-below-stick-meta":"","footnotes":""},"class_list":["post-2574","page","type-page","status-publish","hentry"],"uagb_featured_image_src":{"full":false,"thumbnail":false,"medium":false,"medium_large":false,"large":false,"1536x1536":false,"2048x2048":false},"uagb_author_info":{"display_name":"admin","author_link":"https:\/\/monroestainless.com\/eng\/?author=1"},"uagb_comment_info":0,"uagb_excerpt":"KOMPLETT BRYGGERI Monroe hj\u00e4lper g\u00e4rna till att ta fram ett helt bryggeri, vi har stor erfarenhet fr\u00e5n att starta fr\u00e5n scratch till att uppgradera befintlig bryggutrustning. Har du bara en ritning p\u00e5 lokalen s\u00e5 kan vi fixa resten. Maltkross:Varierande kapacitet fr\u00e5n 50kg-5000kg i timmen. Kylsystem:V\u00e5ra kylsystem har alltid erk\u00e4nda m\u00e4rken p\u00e5&nbsp; kompressorer och annan utrustning,&hellip;","_links":{"self":[{"href":"https:\/\/monroestainless.com\/eng\/index.php?rest_route=\/wp\/v2\/pages\/2574","targetHints":{"allow":["GET"]}}],"collection":[{"href":"https:\/\/monroestainless.com\/eng\/index.php?rest_route=\/wp\/v2\/pages"}],"about":[{"href":"https:\/\/monroestainless.com\/eng\/index.php?rest_route=\/wp\/v2\/types\/page"}],"author":[{"embeddable":true,"href":"https:\/\/monroestainless.com\/eng\/index.php?rest_route=\/wp\/v2\/users\/1"}],"replies":[{"embeddable":true,"href":"https:\/\/monroestainless.com\/eng\/index.php?rest_route=%2Fwp%2Fv2%2Fcomments&post=2574"}],"version-history":[{"count":17,"href":"https:\/\/monroestainless.com\/eng\/index.php?rest_route=\/wp\/v2\/pages\/2574\/revisions"}],"predecessor-version":[{"id":2920,"href":"https:\/\/monroestainless.com\/eng\/index.php?rest_route=\/wp\/v2\/pages\/2574\/revisions\/2920"}],"wp:attachment":[{"href":"https:\/\/monroestainless.com\/eng\/index.php?rest_route=%2Fwp%2Fv2%2Fmedia&parent=2574"}],"curies":[{"name":"wp","href":"https:\/\/api.w.org\/{rel}","templated":true}]}}