{"id":2567,"date":"2022-01-15T20:13:49","date_gmt":"2022-01-15T20:13:49","guid":{"rendered":"https:\/\/monroestainless.com\/?page_id=2567"},"modified":"2022-03-23T20:54:45","modified_gmt":"2022-03-23T20:54:45","slug":"cip","status":"publish","type":"page","link":"https:\/\/monroestainless.com\/eng\/?page_id=2567","title":{"rendered":"CIP"},"content":{"rendered":"\n<div class=\"wp-block-group alignfull has-background is-layout-flow wp-block-group-is-layout-flow\" style=\"background-color:#ffffff\"><div class=\"wp-block-group__inner-container\">\n<h2 class=\"has-text-align-center wp-block-heading\" id=\"cip\">CIP<\/h2>\n\n\n\n<div class=\"wp-block-columns is-layout-flex wp-container-core-columns-is-layout-9d6595d7 wp-block-columns-is-layout-flex\">\n<div class=\"wp-block-column is-layout-flow wp-block-column-is-layout-flow\">\n<div class=\"wp-block-columns is-layout-flex wp-container-core-columns-is-layout-9d6595d7 wp-block-columns-is-layout-flex\">\n<div class=\"wp-block-column is-layout-flow wp-block-column-is-layout-flow\">\n<figure class=\"wp-block-gallery has-nested-images columns-default is-cropped wp-block-gallery-1 is-layout-flex wp-block-gallery-is-layout-flex\">\n<figure class=\"wp-block-image size-large is-style-default\"><img loading=\"lazy\" decoding=\"async\" width=\"997\" height=\"997\" data-id=\"3252\" src=\"https:\/\/monroestainless.com\/eng\/wp-content\/uploads\/2022\/03\/cip2-1-edited.jpg\" alt=\"\" class=\"wp-image-3252\" srcset=\"https:\/\/monroestainless.com\/eng\/wp-content\/uploads\/2022\/03\/cip2-1-edited.jpg 997w, https:\/\/monroestainless.com\/eng\/wp-content\/uploads\/2022\/03\/cip2-1-edited-300x300.jpg 300w, https:\/\/monroestainless.com\/eng\/wp-content\/uploads\/2022\/03\/cip2-1-edited-150x150.jpg 150w, https:\/\/monroestainless.com\/eng\/wp-content\/uploads\/2022\/03\/cip2-1-edited-768x768.jpg 768w\" sizes=\"auto, (max-width: 997px) 100vw, 997px\" \/><\/figure>\n<\/figure>\n<\/div>\n<\/div>\n<\/div>\n\n\n\n<div class=\"wp-block-column is-layout-flow wp-block-column-is-layout-flow\">\n<p>CE-m\u00e4rkt. Helt i rostfritt och kraftiga pumpar kan vi producera 2 eller 3 k\u00e4rls CIP-stationer, station\u00e4ra eller p\u00e5 hjul i kraftig konstruktion i alla storlekar.<\/p>\n\n\n\n<p>Manuell eller automatisk \u2013 du v\u00e4ljer sj\u00e4lv.<\/p>\n\n\n\n<p>100L CIP har 3m3\/h centrifugalpump med 1 x 2kW v\u00e4rmeelement<br>200L CIP har 5m3\/h centrifugalpump med 2 x 2kW v\u00e4rmeelement.<\/p>\n\n\n<style>#jtg-3018 .modula-item .jtg-social a, .lightbox-socials.jtg-social a{ color: #ffffff }#jtg-3018 .modula-item .jtg-social svg, .lightbox-socials.jtg-social svg { height: 16px; width: 16px }#jtg-3018 .modula-item .jtg-social a:not(:last-child), .lightbox-socials.jtg-social a:not(:last-child) { margin-right: 10px }#jtg-3018 .modula-item .figc {color:#ffffff;}#jtg-3018 .modula-item .modula-item-content { transform: scale(1) }#jtg-3018 { width:80%;}#jtg-3018 .modula-items .figc p.description { font-size:14px; }#jtg-3018 .modula-items .figc p.description { color:#ffffff;}#jtg-3018.modula-gallery .modula-item > a, #jtg-3018.modula-gallery .modula-item, #jtg-3018.modula-gallery .modula-item-content > a { cursor:zoom-in; } #jtg-3018.modula-gallery .modula-item, #jtg-3018.modula-gallery .modula-grid-sizer { width: calc(50% - 2.5px) ; } @media (max-width: 768px) { html body #jtg-3018.modula-gallery .modula-item, html body  #jtg-3018.modula-gallery .modula-grid-sizer {width: calc(50% - 2.5px ) ; } }@media (max-width: 568px) { html body #jtg-3018.modula-gallery .modula-item, html body  #jtg-3018.modula-gallery .modula-grid-sizer {width: calc(50% - 2.5px ) ; } }#jtg-3018 .modula-items{position:relative;}@media screen and (max-width:480px){#jtg-3018 .modula-item .figc .jtg-title {  font-size: 12px; }#jtg-3018 .modula-items .figc p.description { color:#ffffff;font-size:10px; }}<\/style>\n<!-- Gallery Container -->\r\n<div  id=\"jtg-3018\" class=\"modula modula-gallery modula-columns\" data-config=\"{&quot;tabletHeight&quot;:800,&quot;mobileHeight&quot;:800,&quot;desktopHeight&quot;:800,&quot;enableTwitter&quot;:false,&quot;enableWhatsapp&quot;:false,&quot;enableFacebook&quot;:false,&quot;enablePinterest&quot;:false,&quot;enableLinkedin&quot;:false,&quot;enableEmail&quot;:false,&quot;randomFactor&quot;:0.5,&quot;type&quot;:&quot;grid&quot;,&quot;columns&quot;:12,&quot;gutter&quot;:5,&quot;mobileGutter&quot;:5,&quot;tabletGutter&quot;:5,&quot;desktopGutter&quot;:5,&quot;enableResponsive&quot;:&quot;0&quot;,&quot;tabletColumns&quot;:&quot;2&quot;,&quot;mobileColumns&quot;:&quot;1&quot;,&quot;lazyLoad&quot;:&quot;0&quot;,&quot;lightboxOpts&quot;:{&quot;loop&quot;:false,&quot;arrows&quot;:true,&quot;toolbar&quot;:true,&quot;keyboard&quot;:false,&quot;wheel&quot;:false,&quot;buttons&quot;:[&quot;close&quot;],&quot;hash&quot;:false,&quot;lang&quot;:&quot;en&quot;,&quot;touch&quot;:false,&quot;protect&quot;:false,&quot;i18n&quot;:{&quot;en&quot;:{&quot;CLOSE&quot;:&quot;Close&quot;,&quot;NEXT&quot;:&quot;Next&quot;,&quot;PREV&quot;:&quot;Previous&quot;,&quot;Error&quot;:&quot;The requested content cannot be loaded. Please try again later.&quot;,&quot;PLAY_START&quot;:&quot;Start slideshow&quot;,&quot;PLAY_STOP&quot;:&quot;Pause slideshow&quot;,&quot;FULL_SCREEN&quot;:&quot;Full screen&quot;,&quot;THUMBS&quot;:&quot;Thumbnails&quot;,&quot;DOWNLOAD&quot;:&quot;Download&quot;,&quot;SHARE&quot;:&quot;Share&quot;,&quot;ZOOM&quot;:&quot;Zoom&quot;}},&quot;clickSlide&quot;:false,&quot;clickOutside&quot;:false,&quot;dblclickContent&quot;:false,&quot;dblclickSlide&quot;:false,&quot;dblclickOutside&quot;:false,&quot;clickContent&quot;:false,&quot;baseTpl&quot;:&quot;&lt;div class=\\&quot;modula-fancybox-container modula-lightbox-jtg-3018\\&quot; role=\\&quot;dialog\\&quot; tabindex=\\&quot;-1\\&quot;&gt;&lt;div class=\\&quot;modula-fancybox-bg\\&quot;&gt;&lt;\\\/div&gt;&lt;div class=\\&quot;modula-fancybox-inner\\&quot;&gt;&lt;div class=\\&quot;modula-fancybox-infobar\\&quot;&gt;&lt;span data-fancybox-index&gt;&lt;\\\/span&gt;&nbsp;\\\/&nbsp;&lt;span data-fancybox-count&gt;&lt;\\\/span&gt;&lt;\\\/div&gt;&lt;div class=\\&quot;modula-fancybox-toolbar\\&quot;&gt;{{buttons}}&lt;\\\/div&gt;&lt;div class=\\&quot;modula-fancybox-navigation\\&quot;&gt;{{arrows}}&lt;\\\/div&gt;&lt;div class=\\&quot;modula-fancybox-stage\\&quot;&gt;&lt;\\\/div&gt;&lt;div class=\\&quot;modula-fancybox-caption\\&quot;&gt;&lt;div class=\\&quot;modula-fancybox-caption__body\\&quot;&gt;&lt;\\\/div&gt;&lt;\\\/div&gt;&lt;\\\/div&gt;&lt;\\\/div&gt;&quot;},&quot;inView&quot;:false,&quot;email_subject&quot;:&quot;Check out this awesome image !!&quot;,&quot;email_message&quot;:&quot;Here is the link to the image : %%image_link%% and this is the link to the gallery : %%gallery_link%%&quot;,&quot;grid_type&quot;:&quot;2&quot;,&quot;rowHeight&quot;:150,&quot;lastRow&quot;:&quot;justify&quot;,&quot;lightbox&quot;:&quot;fancybox&quot;}\">\r\n\r\n\t<div class=\"modula-grid-sizer\"> <\/div>\r\n\t<!-- Items Container -->\r\n\t<div  class=\"modula-items grid-gallery\">\r\n\t\t<div class=\"modula-item effect-pufrobo\" >\r\n\t<div class=\"modula-item-overlay\"><\/div>\r\n\r\n\t<div class=\"modula-item-content\">\r\n\r\n\t\t\t\t\r\n\t\t\t\t\t<a data-image-id=\"3020\" href=\"https:\/\/monroestainless.com\/eng\/wp-content\/uploads\/2022\/02\/100L-CIP-trolley-drawing-2.jpg\" rel=\"jtg-3018\" data-caption=\"Monroe Stainless 100L CIP trolley drawing\" aria-label=\"Open image in lightbox\" title=\"Open image in lightbox\" class=\"tile-inner modula-item-link\"><\/a>\r\n\t\t\r\n\t\t<img loading=\"lazy\" decoding=\"async\" class=\"pic wp-image-3020\"  data-valign=\"bottom\" data-halign=\"left\" alt=\"Monroe Stainless 100L CIP trolley drawing\" data-full=\"https:\/\/monroestainless.com\/wp-content\/uploads\/2022\/02\/100L-CIP-trolley-drawing-2.jpg\" title=\"Monroe Stainless 100L CIP trolley drawing\" width=\"212\" height=\"300\" src=\"https:\/\/monroestainless.com\/eng\/wp-content\/uploads\/2022\/02\/100L-CIP-trolley-drawing-2-212x300.jpg\" data-src=\"https:\/\/monroestainless.com\/eng\/wp-content\/uploads\/2022\/02\/100L-CIP-trolley-drawing-2-212x300.jpg\" data-caption=\"Monroe Stainless 100L CIP trolley drawing\"srcset=\"https:\/\/monroestainless.com\/eng\/wp-content\/uploads\/2022\/02\/100L-CIP-trolley-drawing-2-212x300.jpg 212w, https:\/\/monroestainless.com\/eng\/wp-content\/uploads\/2022\/02\/100L-CIP-trolley-drawing-2-724x1024.jpg 724w, https:\/\/monroestainless.com\/eng\/wp-content\/uploads\/2022\/02\/100L-CIP-trolley-drawing-2-768x1086.jpg 768w, https:\/\/monroestainless.com\/eng\/wp-content\/uploads\/2022\/02\/100L-CIP-trolley-drawing-2.jpg 992w\" sizes=\"auto, (max-width: 212px) 100vw, 212px\"\" srcset=\"https:\/\/monroestainless.com\/eng\/wp-content\/uploads\/2022\/02\/100L-CIP-trolley-drawing-2-212x300.jpg 212w, https:\/\/monroestainless.com\/eng\/wp-content\/uploads\/2022\/02\/100L-CIP-trolley-drawing-2-724x1024.jpg 724w, https:\/\/monroestainless.com\/eng\/wp-content\/uploads\/2022\/02\/100L-CIP-trolley-drawing-2-768x1086.jpg 768w, https:\/\/monroestainless.com\/eng\/wp-content\/uploads\/2022\/02\/100L-CIP-trolley-drawing-2.jpg 992w\" \/>\r\n\t\t<div class=\"figc\">\r\n\t\t\t<div class=\"figc-inner\">\r\n\t\t\t\t\t\t\t\t\t\t\t\t\t<p class=\"description\">Monroe Stainless 100L CIP trolley drawing<\/p>\r\n\t\t\t\t\t\t\t\t\t\t\t<\/div>\r\n\t\t<\/div>\r\n\r\n\t<\/div>\r\n\r\n<\/div><div class=\"modula-item effect-pufrobo\" >\r\n\t<div class=\"modula-item-overlay\"><\/div>\r\n\r\n\t<div class=\"modula-item-content\">\r\n\r\n\t\t\t\t\r\n\t\t\t\t\t<a data-image-id=\"3019\" href=\"https:\/\/monroestainless.com\/eng\/wp-content\/uploads\/2022\/02\/200L-CIP-trolley-drawing-2.jpg\" rel=\"jtg-3018\" data-caption=\"Monroe Stainless 200L CIP trolley drawing\" aria-label=\"Open image in lightbox\" title=\"Open image in lightbox\" class=\"tile-inner modula-item-link\"><\/a>\r\n\t\t\r\n\t\t<img loading=\"lazy\" decoding=\"async\" class=\"pic wp-image-3019\"  data-valign=\"bottom\" data-halign=\"left\" alt=\"Monroe Stainless 200L CIP trolley drawing\" data-full=\"https:\/\/monroestainless.com\/wp-content\/uploads\/2022\/02\/200L-CIP-trolley-drawing-2.jpg\" title=\"Monroe Stainless 200L CIP trolley drawing\" width=\"212\" height=\"300\" src=\"https:\/\/monroestainless.com\/eng\/wp-content\/uploads\/2022\/02\/200L-CIP-trolley-drawing-2-212x300.jpg\" data-src=\"https:\/\/monroestainless.com\/eng\/wp-content\/uploads\/2022\/02\/200L-CIP-trolley-drawing-2-212x300.jpg\" data-caption=\"Monroe Stainless 200L CIP trolley drawing\"srcset=\"https:\/\/monroestainless.com\/eng\/wp-content\/uploads\/2022\/02\/200L-CIP-trolley-drawing-2-212x300.jpg 212w, https:\/\/monroestainless.com\/eng\/wp-content\/uploads\/2022\/02\/200L-CIP-trolley-drawing-2-724x1024.jpg 724w, https:\/\/monroestainless.com\/eng\/wp-content\/uploads\/2022\/02\/200L-CIP-trolley-drawing-2-768x1086.jpg 768w, https:\/\/monroestainless.com\/eng\/wp-content\/uploads\/2022\/02\/200L-CIP-trolley-drawing-2.jpg 992w\" sizes=\"auto, (max-width: 212px) 100vw, 212px\"\" srcset=\"https:\/\/monroestainless.com\/eng\/wp-content\/uploads\/2022\/02\/200L-CIP-trolley-drawing-2-212x300.jpg 212w, https:\/\/monroestainless.com\/eng\/wp-content\/uploads\/2022\/02\/200L-CIP-trolley-drawing-2-724x1024.jpg 724w, https:\/\/monroestainless.com\/eng\/wp-content\/uploads\/2022\/02\/200L-CIP-trolley-drawing-2-768x1086.jpg 768w, https:\/\/monroestainless.com\/eng\/wp-content\/uploads\/2022\/02\/200L-CIP-trolley-drawing-2.jpg 992w\" \/>\r\n\t\t<div class=\"figc\">\r\n\t\t\t<div class=\"figc-inner\">\r\n\t\t\t\t\t\t\t\t\t\t\t\t\t<p class=\"description\">Monroe Stainless 200L CIP trolley drawing<\/p>\r\n\t\t\t\t\t\t\t\t\t\t\t<\/div>\r\n\t\t<\/div>\r\n\r\n\t<\/div>\r\n\r\n<\/div>\t\t\r\n\t<\/div>\r\n\r\n\t\r\n\t\r\n\t<script type=\"application\/ld+json\">\r\n\t{\r\n\t\t\"@context\": \"http:\/\/schema.org\",\r\n\t\t\"@type\"   : \"ImageGallery\",\r\n\t\t\"id\"      : \"https:\/\/monroestainless.com\/eng\",\r\n\t\t\"url\"     : \"https:\/\/monroestainless.com\/eng\"\r\n\t}\r\n\r\n    <\/script>\r\n\r\n\t\r\n<\/div>\n\n\n\n<div class=\"wp-block-columns is-layout-flex wp-container-core-columns-is-layout-9d6595d7 wp-block-columns-is-layout-flex\">\n<div class=\"wp-block-column is-layout-flow wp-block-column-is-layout-flow\">\n<div class=\"wp-block-buttons is-layout-flex wp-block-buttons-is-layout-flex\">\n<div class=\"wp-block-button\"><a class=\"wp-block-button__link\" href=\"mailto:info@monroestainless.com\">kontakta oss f\u00f6r mer info<\/a><\/div>\n<\/div>\n\n\n\n<p class=\"has-small-font-size\"><a href=\"https:\/\/monroestainless.com\/eng\/?page_id=2423\" data-type=\"page\" data-id=\"2423\">tillbaka till produkter<\/a> <\/p>\n<\/div>\n<\/div>\n<\/div>\n<\/div>\n<\/div><\/div>\n\n\n\n<div class=\"wp-block-group alignfull has-ast-global-color-4-background-color has-background is-layout-flow wp-block-group-is-layout-flow\"><div class=\"wp-block-group__inner-container\">\n<div class=\"wp-block-columns alignwide is-layout-flex wp-container-core-columns-is-layout-9d6595d7 wp-block-columns-is-layout-flex\">\n<div class=\"wp-block-column is-layout-flow wp-block-column-is-layout-flow\">\n<h3 class=\"has-medium-font-size wp-block-heading\" id=\"varfor-monroe-stainless\">varf\u00f6r MONROE STAINLESS<\/h3>\n\n\n\n<p class=\"has-normal-font-size\">Monroe Stainless startades av f\u00f6re detta bryggare och \u00e4r till f\u00f6r bryggare i huvudsak \u00e4ven om vi har tillverkat tankar f\u00f6r vin, mj\u00f6lk, cider, mj\u00f6d \u2013 ja allt m\u00f6jligt. Vi jobbar \u00f6ver hela v\u00e4rlden med olika partners. Monroe Stainless Sweden har F-skatt, momsregistrering och kan hj\u00e4lpa till med leasing\/finansiering.<\/p>\n<\/div>\n\n\n\n<div class=\"wp-block-column is-layout-flow wp-block-column-is-layout-flow\">\n<h3 class=\"has-medium-font-size wp-block-heading\" id=\"kontakt\">kontakt<\/h3>\n\n\n\n<p class=\"has-normal-font-size\">F\u00f6r mer info, maila:<br><a href=\"mailto:info@monroestainless.com\">info@monroestainless.com<\/a><\/p>\n\n\n\n<p class=\"has-normal-font-size\">F\u00f6rs\u00e4ljning Skandinaviska marknaden:<br><a href=\"mailto:daniel@monroestainless.com\">daniel@monroestainless.com<\/a><\/p>\n\n\n\n<p class=\"has-normal-font-size\">F\u00f6rs\u00e4ljning utanf\u00f6r Skandinavien (outside Scandinavian market):&nbsp;<br><a href=\"mailto:arthur@monroestainless.com\">arthur@monroestainless.com<\/a><\/p>\n<\/div>\n<\/div>\n<\/div><\/div>\n\n\n\n<p><\/p>\n","protected":false},"excerpt":{"rendered":"<p>CIP CE-m\u00e4rkt. Helt i rostfritt och kraftiga pumpar kan vi producera 2 eller 3 k\u00e4rls CIP-stationer, station\u00e4ra eller p\u00e5 hjul i kraftig konstruktion i alla storlekar. Manuell eller automatisk \u2013 du v\u00e4ljer sj\u00e4lv. 100L CIP har 3m3\/h centrifugalpump med 1 x 2kW v\u00e4rmeelement200L CIP har 5m3\/h centrifugalpump med 2 x 2kW v\u00e4rmeelement. tillbaka till produkter &hellip;<\/p>\n<p class=\"read-more\"> <a class=\"\" href=\"https:\/\/monroestainless.com\/eng\/?page_id=2567\"> <span class=\"screen-reader-text\">CIP<\/span> Read More &raquo;<\/a><\/p>\n","protected":false},"author":1,"featured_media":0,"parent":0,"menu_order":0,"comment_status":"closed","ping_status":"closed","template":"","meta":{"site-sidebar-layout":"default","site-content-layout":"plain-container","ast-main-header-display":"","ast-hfb-above-header-display":"","ast-hfb-below-header-display":"","ast-hfb-mobile-header-display":"","site-post-title":"disabled","ast-breadcrumbs-content":"","ast-featured-img":"disabled","footer-sml-layout":"","theme-transparent-header-meta":"","adv-header-id-meta":"","stick-header-meta":"","header-above-stick-meta":"","header-main-stick-meta":"","header-below-stick-meta":"","footnotes":""},"class_list":["post-2567","page","type-page","status-publish","hentry"],"uagb_featured_image_src":{"full":false,"thumbnail":false,"medium":false,"medium_large":false,"large":false,"1536x1536":false,"2048x2048":false},"uagb_author_info":{"display_name":"admin","author_link":"https:\/\/monroestainless.com\/eng\/?author=1"},"uagb_comment_info":0,"uagb_excerpt":"CIP CE-m\u00e4rkt. Helt i rostfritt och kraftiga pumpar kan vi producera 2 eller 3 k\u00e4rls CIP-stationer, station\u00e4ra eller p\u00e5 hjul i kraftig konstruktion i alla storlekar. Manuell eller automatisk \u2013 du v\u00e4ljer sj\u00e4lv. 100L CIP har 3m3\/h centrifugalpump med 1 x 2kW v\u00e4rmeelement200L CIP har 5m3\/h centrifugalpump med 2 x 2kW v\u00e4rmeelement. tillbaka till produkter&hellip;","_links":{"self":[{"href":"https:\/\/monroestainless.com\/eng\/index.php?rest_route=\/wp\/v2\/pages\/2567","targetHints":{"allow":["GET"]}}],"collection":[{"href":"https:\/\/monroestainless.com\/eng\/index.php?rest_route=\/wp\/v2\/pages"}],"about":[{"href":"https:\/\/monroestainless.com\/eng\/index.php?rest_route=\/wp\/v2\/types\/page"}],"author":[{"embeddable":true,"href":"https:\/\/monroestainless.com\/eng\/index.php?rest_route=\/wp\/v2\/users\/1"}],"replies":[{"embeddable":true,"href":"https:\/\/monroestainless.com\/eng\/index.php?rest_route=%2Fwp%2Fv2%2Fcomments&post=2567"}],"version-history":[{"count":25,"href":"https:\/\/monroestainless.com\/eng\/index.php?rest_route=\/wp\/v2\/pages\/2567\/revisions"}],"predecessor-version":[{"id":3257,"href":"https:\/\/monroestainless.com\/eng\/index.php?rest_route=\/wp\/v2\/pages\/2567\/revisions\/3257"}],"wp:attachment":[{"href":"https:\/\/monroestainless.com\/eng\/index.php?rest_route=%2Fwp%2Fv2%2Fmedia&parent=2567"}],"curies":[{"name":"wp","href":"https:\/\/api.w.org\/{rel}","templated":true}]}}