{"id":2423,"date":"2022-01-14T21:42:47","date_gmt":"2022-01-14T21:42:47","guid":{"rendered":"https:\/\/monroestainless.com\/?page_id=2423"},"modified":"2022-02-19T19:24:20","modified_gmt":"2022-02-19T19:24:20","slug":"2423-2","status":"publish","type":"page","link":"https:\/\/monroestainless.com\/eng\/?page_id=2423","title":{"rendered":"produkter"},"content":{"rendered":"\n<div class=\"wp-block-cover alignfull is-light\" style=\"min-height:550px;aspect-ratio:unset;\"><span aria-hidden=\"true\" class=\"wp-block-cover__gradient-background has-background-dim\" style=\"background-color:#000000\"><\/span><img loading=\"lazy\" decoding=\"async\" width=\"1806\" height=\"1204\" class=\"wp-block-cover__image-background wp-image-2825\" alt=\"\" src=\"https:\/\/monroestainless.com\/eng\/wp-content\/uploads\/2022\/01\/prod.jpg\" style=\"object-position:60% 59%\" data-object-fit=\"cover\" data-object-position=\"60% 59%\" srcset=\"https:\/\/monroestainless.com\/eng\/wp-content\/uploads\/2022\/01\/prod.jpg 1806w, https:\/\/monroestainless.com\/eng\/wp-content\/uploads\/2022\/01\/prod-300x200.jpg 300w, https:\/\/monroestainless.com\/eng\/wp-content\/uploads\/2022\/01\/prod-1024x683.jpg 1024w, https:\/\/monroestainless.com\/eng\/wp-content\/uploads\/2022\/01\/prod-768x512.jpg 768w, https:\/\/monroestainless.com\/eng\/wp-content\/uploads\/2022\/01\/prod-1536x1024.jpg 1536w\" sizes=\"auto, (max-width: 1806px) 100vw, 1806px\" \/><div class=\"wp-block-cover__inner-container is-layout-flow wp-block-cover-is-layout-flow\">\n<h1 class=\"has-text-align-left has-text-color wp-block-heading\" id=\"vara-produkter\" style=\"color:#ffffff\">v\u00e5ra produkter<\/h1>\n<\/div><\/div>\n\n\n\n<div class=\"wp-block-group alignfull has-white-background-color has-background is-layout-flow wp-block-group-is-layout-flow\"><div class=\"wp-block-group__inner-container\">\n<h2 class=\"has-text-align-center wp-block-heading\" id=\"monroe-stainless\">MONROE STAINLESS<\/h2>\n\n\n\n<hr class=\"wp-block-separator aligncenter has-text-color has-background has-ast-global-color-0-background-color has-ast-global-color-0-color\"\/>\n\n\n\n<p>Monroe Stainless k\u00f6per och s\u00e4ljer rostfria produkter av h\u00f6g kvalitet. Vi kan producera allt rostfritt. Utan dyr lagerh\u00e5llning och att vi alltid f\u00f6rs\u00f6ker hitta b\u00e4sta transportm\u00f6jligheterna f\u00f6r att h\u00e5lla ner kostnader f\u00f6r slutkund g\u00f6r att vi kan leverera h\u00f6g kvalitet till l\u00e5g kostnad.<br>All v\u00e5r utrustning \u00e4r CE-m\u00e4rkt.<\/p>\n\n\n\n<p>Monroe startades av bryggare och \u00e4r f\u00f6rst och fr\u00e4mst f\u00f6r bryggare, tillsammans med partners har vi s\u00e5lt \u00f6ver 2000 j\u00e4stankar, 500 bryggverk till mer \u00e4n 600 kunder som \u00e4r en blandning av bryggerier, ving\u00e5rdar och destillerier i \u00f6ver 70 l\u00e4nder p\u00e5 jordens alla kontinenter. Allt fr\u00e5n 100L till 20&nbsp;000L, manuellt eller full auto.&nbsp;<\/p>\n\n\n\n<p>Vi skr\u00e4ddarsyr dina tankar och bryggverk efter dina lokaler utan extra kostnad.<br>Vi kan \u00e4ven hj\u00e4lpa till att ta fram ett komplett bryggeri med allt fr\u00e5n maltkross till kylsystem.&nbsp;<\/p>\n\n\n\n<p>Genom v\u00e5ra samarbetspartners kan vi \u00e4ven hj\u00e4lpa till med installation om ni s\u00f6ker en turn-key l\u00f6sning.<\/p>\n\n\n\n<p>Vi kan \u00e4ven hj\u00e4lpa till med finansiering. Monroe Stainless Sweden \u00e4r ett svenskt bolag med F-skatt och moms-registrering.&nbsp;<\/p>\n\n\n\n<p>\u201dWe can produce everything except nuclear weapons.\u201d<\/p>\n\n\n\n<div class=\"wp-block-columns is-layout-flex wp-container-core-columns-is-layout-9d6595d7 wp-block-columns-is-layout-flex\">\n<div class=\"wp-block-column is-layout-flow wp-block-column-is-layout-flow\">\n<div class=\"wp-block-group is-layout-flow wp-block-group-is-layout-flow\"><div class=\"wp-block-group__inner-container\">\n<div class=\"wp-block-image\"><figure class=\"aligncenter size-large\"><a href=\"https:\/\/monroestainless.com\/eng\/?page_id=2520\"><img loading=\"lazy\" decoding=\"async\" width=\"1024\" height=\"1024\" src=\"https:\/\/monroestainless.com\/eng\/wp-content\/uploads\/2022\/02\/tankar-1024x1024.png\" alt=\"\" class=\"wp-image-3085\" srcset=\"https:\/\/monroestainless.com\/eng\/wp-content\/uploads\/2022\/02\/tankar-1024x1024.png 1024w, https:\/\/monroestainless.com\/eng\/wp-content\/uploads\/2022\/02\/tankar-300x300.png 300w, https:\/\/monroestainless.com\/eng\/wp-content\/uploads\/2022\/02\/tankar-150x150.png 150w, https:\/\/monroestainless.com\/eng\/wp-content\/uploads\/2022\/02\/tankar-768x768.png 768w, https:\/\/monroestainless.com\/eng\/wp-content\/uploads\/2022\/02\/tankar.png 1080w\" sizes=\"auto, (max-width: 1024px) 100vw, 1024px\" \/><\/a><\/figure><\/div>\n\n\n\n<h5 class=\"has-text-align-center wp-block-heading\" id=\"tankar\"><a href=\"https:\/\/monroestainless.com\/eng\/?page_id=2520\" data-type=\"page\" data-id=\"2520\">Tankar<\/a><\/h5>\n\n\n\n<p class=\"has-text-align-center\">Vi kan producera trycktankar, j\u00e4stankar, kombitankar, kolsyretankar, liggande tankar, serveringstankar, mj\u00f6lktankar, tankar f\u00f6r vinj\u00e4sning \u2013 allt ni letar efter.<\/p>\n\n\n\n<div class=\"wp-block-buttons is-horizontal is-content-justification-center is-layout-flex wp-container-core-buttons-is-layout-499968f5 wp-block-buttons-is-layout-flex\">\n<div class=\"wp-block-button\"><a class=\"wp-block-button__link\" href=\"https:\/\/monroestainless.com\/eng\/?page_id=2520\">L\u00c4S MER&#8230;<\/a><\/div>\n<\/div>\n<\/div><\/div>\n<\/div>\n\n\n\n<div class=\"wp-block-column is-layout-flow wp-block-column-is-layout-flow\">\n<div class=\"wp-block-group is-layout-flow wp-block-group-is-layout-flow\"><div class=\"wp-block-group__inner-container\">\n<div class=\"wp-block-image\"><figure class=\"aligncenter size-large\"><a href=\"https:\/\/monroestainless.com\/eng\/?page_id=2561\"><img loading=\"lazy\" decoding=\"async\" width=\"1024\" height=\"1024\" src=\"https:\/\/monroestainless.com\/eng\/wp-content\/uploads\/2022\/02\/2C2DAB9A-B8CE-4721-9352-0E596A1429B0-1024x1024.png\" alt=\"\" class=\"wp-image-3078\" srcset=\"https:\/\/monroestainless.com\/eng\/wp-content\/uploads\/2022\/02\/2C2DAB9A-B8CE-4721-9352-0E596A1429B0-1024x1024.png 1024w, https:\/\/monroestainless.com\/eng\/wp-content\/uploads\/2022\/02\/2C2DAB9A-B8CE-4721-9352-0E596A1429B0-300x300.png 300w, https:\/\/monroestainless.com\/eng\/wp-content\/uploads\/2022\/02\/2C2DAB9A-B8CE-4721-9352-0E596A1429B0-150x150.png 150w, https:\/\/monroestainless.com\/eng\/wp-content\/uploads\/2022\/02\/2C2DAB9A-B8CE-4721-9352-0E596A1429B0-768x768.png 768w, https:\/\/monroestainless.com\/eng\/wp-content\/uploads\/2022\/02\/2C2DAB9A-B8CE-4721-9352-0E596A1429B0.png 1080w\" sizes=\"auto, (max-width: 1024px) 100vw, 1024px\" \/><\/a><\/figure><\/div>\n\n\n\n<h5 class=\"has-text-align-center wp-block-heading\" id=\"bryggverk\"><a href=\"https:\/\/monroestainless.com\/eng\/?page_id=2561\" data-type=\"page\" data-id=\"2561\">Bryggverk<\/a><\/h5>\n\n\n\n<p class=\"has-text-align-center\"> Alla bryggverk levereras med dubbelt s\u00e5 stor HLT. V\u00e4lj mellan el-patron eller \u00e5nga. <br>V\u00e4lj mellan Siemens-PLC, full auto eller manuell styrning.<\/p>\n\n\n\n<div class=\"wp-block-buttons is-horizontal is-content-justification-center is-layout-flex wp-container-core-buttons-is-layout-499968f5 wp-block-buttons-is-layout-flex\">\n<div class=\"wp-block-button is-style-fill\"><a class=\"wp-block-button__link\" href=\"https:\/\/monroestainless.com\/eng\/?page_id=2561\">L\u00c4S MER&#8230;<\/a><\/div>\n<\/div>\n<\/div><\/div>\n<\/div>\n<\/div>\n\n\n\n<div class=\"wp-block-columns is-layout-flex wp-container-core-columns-is-layout-9d6595d7 wp-block-columns-is-layout-flex\">\n<div class=\"wp-block-column is-layout-flow wp-block-column-is-layout-flow\">\n<div class=\"wp-block-group is-layout-flow wp-block-group-is-layout-flow\"><div class=\"wp-block-group__inner-container\">\n<div class=\"wp-block-image\"><figure class=\"aligncenter size-large\"><a href=\"https:\/\/monroestainless.com\/eng\/?page_id=2567\"><img loading=\"lazy\" decoding=\"async\" width=\"1024\" height=\"1024\" src=\"https:\/\/monroestainless.com\/eng\/wp-content\/uploads\/2022\/02\/CIP-1024x1024.png\" alt=\"\" class=\"wp-image-3082\" srcset=\"https:\/\/monroestainless.com\/eng\/wp-content\/uploads\/2022\/02\/CIP-1024x1024.png 1024w, https:\/\/monroestainless.com\/eng\/wp-content\/uploads\/2022\/02\/CIP-300x300.png 300w, https:\/\/monroestainless.com\/eng\/wp-content\/uploads\/2022\/02\/CIP-150x150.png 150w, https:\/\/monroestainless.com\/eng\/wp-content\/uploads\/2022\/02\/CIP-768x768.png 768w, https:\/\/monroestainless.com\/eng\/wp-content\/uploads\/2022\/02\/CIP.png 1080w\" sizes=\"auto, (max-width: 1024px) 100vw, 1024px\" \/><\/a><\/figure><\/div>\n\n\n\n<h5 class=\"has-text-align-center wp-block-heading\" id=\"cip\"><a href=\"https:\/\/monroestainless.com\/eng\/?page_id=2567\" data-type=\"page\" data-id=\"2567\">CIP<\/a><\/h5>\n\n\n\n<p class=\"has-text-align-center\"> Helt i rostfritt och kraftiga pumpar kan vi producera 2 eller 3 k\u00e4rls CIP-stationer, station\u00e4ra eller p\u00e5&nbsp; hjul i kraftig konstruktion i alla storlekar. Manuell eller automatisk \u2013 du v\u00e4ljer sj\u00e4lv.<\/p>\n\n\n\n<div class=\"wp-block-buttons is-horizontal is-content-justification-center is-layout-flex wp-container-core-buttons-is-layout-499968f5 wp-block-buttons-is-layout-flex\">\n<div class=\"wp-block-button\"><a class=\"wp-block-button__link\" href=\"https:\/\/monroestainless.com\/eng\/?page_id=2567\">L\u00c4S MER&#8230;<\/a><\/div>\n<\/div>\n<\/div><\/div>\n<\/div>\n\n\n\n<div class=\"wp-block-column is-layout-flow wp-block-column-is-layout-flow\">\n<div class=\"wp-block-group is-layout-flow wp-block-group-is-layout-flow\"><div class=\"wp-block-group__inner-container\">\n<div class=\"wp-block-image\"><figure class=\"aligncenter size-large\"><a href=\"https:\/\/monroestainless.com\/eng\/?page_id=2574\"><img loading=\"lazy\" decoding=\"async\" width=\"1024\" height=\"1024\" src=\"https:\/\/monroestainless.com\/eng\/wp-content\/uploads\/2022\/02\/komplett-1024x1024.png\" alt=\"\" class=\"wp-image-3086\" srcset=\"https:\/\/monroestainless.com\/eng\/wp-content\/uploads\/2022\/02\/komplett-1024x1024.png 1024w, https:\/\/monroestainless.com\/eng\/wp-content\/uploads\/2022\/02\/komplett-300x300.png 300w, https:\/\/monroestainless.com\/eng\/wp-content\/uploads\/2022\/02\/komplett-150x150.png 150w, https:\/\/monroestainless.com\/eng\/wp-content\/uploads\/2022\/02\/komplett-768x768.png 768w, https:\/\/monroestainless.com\/eng\/wp-content\/uploads\/2022\/02\/komplett.png 1080w\" sizes=\"auto, (max-width: 1024px) 100vw, 1024px\" \/><\/a><\/figure><\/div>\n\n\n\n<h5 class=\"has-text-align-center wp-block-heading\" id=\"komplett-bryggeri\"><a href=\"https:\/\/monroestainless.com\/eng\/?page_id=2574\" data-type=\"page\" data-id=\"2574\">Komplett Bryggeri<\/a><\/h5>\n\n\n\n<p class=\"has-text-align-center\"><meta charset=\"utf-8\">MONROE STAINLESS hj\u00e4lper g\u00e4rna till att ta fram ett helt bryggeri, vi har stor erfarenhet fr\u00e5n att starta fr\u00e5n scratch till att uppgradera befintlig bryggutrustning.<\/p>\n\n\n\n<div class=\"wp-block-buttons is-horizontal is-content-justification-center is-layout-flex wp-container-core-buttons-is-layout-499968f5 wp-block-buttons-is-layout-flex\">\n<div class=\"wp-block-button\"><a class=\"wp-block-button__link\" href=\"https:\/\/monroestainless.com\/eng\/?page_id=2574\">L\u00c4S MER&#8230;<\/a><\/div>\n<\/div>\n<\/div><\/div>\n<\/div>\n<\/div>\n\n\n\n<div class=\"wp-block-columns is-layout-flex wp-container-core-columns-is-layout-9d6595d7 wp-block-columns-is-layout-flex\">\n<div class=\"wp-block-column is-layout-flow wp-block-column-is-layout-flow\">\n<div class=\"wp-block-image is-style-default\"><figure class=\"aligncenter size-large\"><a href=\"https:\/\/monroestainless.com\/eng\/?page_id=2576\"><img loading=\"lazy\" decoding=\"async\" width=\"1024\" height=\"1024\" src=\"https:\/\/monroestainless.com\/eng\/wp-content\/uploads\/2022\/02\/tapputrustning-1024x1024.png\" alt=\"\" class=\"wp-image-3083\" srcset=\"https:\/\/monroestainless.com\/eng\/wp-content\/uploads\/2022\/02\/tapputrustning-1024x1024.png 1024w, https:\/\/monroestainless.com\/eng\/wp-content\/uploads\/2022\/02\/tapputrustning-300x300.png 300w, https:\/\/monroestainless.com\/eng\/wp-content\/uploads\/2022\/02\/tapputrustning-150x150.png 150w, https:\/\/monroestainless.com\/eng\/wp-content\/uploads\/2022\/02\/tapputrustning-768x768.png 768w, https:\/\/monroestainless.com\/eng\/wp-content\/uploads\/2022\/02\/tapputrustning.png 1080w\" sizes=\"auto, (max-width: 1024px) 100vw, 1024px\" \/><\/a><\/figure><\/div>\n\n\n\n<h5 class=\"has-text-align-center wp-block-heading\" id=\"tapputrustning\"><a href=\"https:\/\/monroestainless.com\/eng\/?page_id=2576\" data-type=\"page\" data-id=\"2576\">Tapputrustning<\/a><\/h5>\n\n\n\n<p><meta charset=\"utf-8\">Burk, flaska, PET eller bag in box? Vi hj\u00e4lper till med alla sorters tapputrustning i alla storlekar. Vi arbetar med erk\u00e4nda m\u00e4rken fr\u00e5n USA, Kanada, Tyskland och Italien f\u00f6r att hitta precis din matchning.<\/p>\n\n\n\n<div class=\"wp-block-buttons is-horizontal is-content-justification-center is-layout-flex wp-container-core-buttons-is-layout-499968f5 wp-block-buttons-is-layout-flex\">\n<div class=\"wp-block-button\"><a class=\"wp-block-button__link\" href=\"https:\/\/monroestainless.com\/eng\/?page_id=2576\">L\u00c4S MER&#8230;<\/a><\/div>\n<\/div>\n<\/div>\n\n\n\n<div class=\"wp-block-column is-layout-flow wp-block-column-is-layout-flow\">\n<div class=\"wp-block-image is-style-default\"><figure class=\"aligncenter size-large\"><a href=\"https:\/\/monroestainless.com\/eng\/?page_id=2578\"><img loading=\"lazy\" decoding=\"async\" width=\"1024\" height=\"1024\" src=\"https:\/\/monroestainless.com\/eng\/wp-content\/uploads\/2022\/02\/begagnat-1024x1024.png\" alt=\"\" class=\"wp-image-3080\" srcset=\"https:\/\/monroestainless.com\/eng\/wp-content\/uploads\/2022\/02\/begagnat-1024x1024.png 1024w, https:\/\/monroestainless.com\/eng\/wp-content\/uploads\/2022\/02\/begagnat-300x300.png 300w, https:\/\/monroestainless.com\/eng\/wp-content\/uploads\/2022\/02\/begagnat-150x150.png 150w, https:\/\/monroestainless.com\/eng\/wp-content\/uploads\/2022\/02\/begagnat-768x768.png 768w, https:\/\/monroestainless.com\/eng\/wp-content\/uploads\/2022\/02\/begagnat.png 1080w\" sizes=\"auto, (max-width: 1024px) 100vw, 1024px\" \/><\/a><\/figure><\/div>\n\n\n\n<h5 class=\"has-text-align-center wp-block-heading\" id=\"begagnat\"><a href=\"https:\/\/monroestainless.com\/eng\/?page_id=2578\" data-type=\"page\" data-id=\"2578\">Begagnat<\/a><\/h5>\n\n\n\n<p><meta charset=\"utf-8\">Monroe b\u00e5de k\u00f6per och s\u00e4ljer begagnad utrustning. <br><br><br><\/p>\n\n\n\n<div class=\"wp-block-buttons is-horizontal is-content-justification-center is-layout-flex wp-container-core-buttons-is-layout-499968f5 wp-block-buttons-is-layout-flex\">\n<div class=\"wp-block-button\"><a class=\"wp-block-button__link\" href=\"https:\/\/monroestainless.com\/eng\/?page_id=2578\">L\u00c4S MER&#8230;<\/a><\/div>\n<\/div>\n<\/div>\n<\/div>\n<\/div><\/div>\n\n\n\n<div class=\"wp-block-group alignfull has-ast-global-color-4-background-color has-background is-layout-flow wp-block-group-is-layout-flow\"><div class=\"wp-block-group__inner-container\">\n<div class=\"wp-block-columns alignwide is-layout-flex wp-container-core-columns-is-layout-9d6595d7 wp-block-columns-is-layout-flex\">\n<div class=\"wp-block-column is-layout-flow wp-block-column-is-layout-flow\">\n<h3 class=\"has-medium-font-size wp-block-heading\" id=\"varfor-monroe-stainless\">varf\u00f6r MONROE STAINLESS<\/h3>\n\n\n\n<p class=\"has-normal-font-size\">Monroe Stainless startades av f\u00f6re detta bryggare och \u00e4r till f\u00f6r bryggare i huvudsak \u00e4ven om vi har tillverkat tankar f\u00f6r vin, mj\u00f6lk, cider, mj\u00f6d \u2013 ja allt m\u00f6jligt. Vi jobbar \u00f6ver hela v\u00e4rlden med olika partners. Monroe Stainless Sweden har F-skatt, momsregistrering och kan hj\u00e4lpa till med leasing\/finansiering.<\/p>\n<\/div>\n\n\n\n<div class=\"wp-block-column is-layout-flow wp-block-column-is-layout-flow\">\n<h3 class=\"has-medium-font-size wp-block-heading\" id=\"kontakt\">kontakt<\/h3>\n\n\n\n<p class=\"has-normal-font-size\">F\u00f6r mer info, maila:<br><a href=\"mailto:info@monroestainless.com\">info@monroestainless.com<\/a><\/p>\n\n\n\n<p class=\"has-normal-font-size\">F\u00f6rs\u00e4ljning Skandinaviska marknaden:<br><a href=\"mailto:daniel@monroestainless.com\">daniel@monroestainless.com<\/a><\/p>\n\n\n\n<p class=\"has-normal-font-size\">F\u00f6rs\u00e4ljning utanf\u00f6r Skandinavien (outside Scandinavian market):&nbsp;<br><a href=\"mailto:arthur@monroestainless.com\">arthur@monroestainless.com<\/a><\/p>\n<\/div>\n<\/div>\n<\/div><\/div>\n\n\n\n<p><\/p>\n","protected":false},"excerpt":{"rendered":"<p>MONROE STAINLESS Monroe Stainless k\u00f6per och s\u00e4ljer rostfria produkter av h\u00f6g kvalitet. Vi kan producera allt rostfritt. Utan dyr lagerh\u00e5llning och att vi alltid f\u00f6rs\u00f6ker hitta b\u00e4sta transportm\u00f6jligheterna f\u00f6r att h\u00e5lla ner kostnader f\u00f6r slutkund g\u00f6r att vi kan leverera h\u00f6g kvalitet till l\u00e5g kostnad.All v\u00e5r utrustning \u00e4r CE-m\u00e4rkt. Monroe startades av bryggare och \u00e4r &hellip;<\/p>\n<p class=\"read-more\"> <a class=\"\" href=\"https:\/\/monroestainless.com\/eng\/?page_id=2423\"> <span class=\"screen-reader-text\">produkter<\/span> Read More &raquo;<\/a><\/p>\n","protected":false},"author":1,"featured_media":0,"parent":0,"menu_order":0,"comment_status":"closed","ping_status":"closed","template":"","meta":{"site-sidebar-layout":"default","site-content-layout":"plain-container","ast-main-header-display":"","ast-hfb-above-header-display":"","ast-hfb-below-header-display":"","ast-hfb-mobile-header-display":"","site-post-title":"disabled","ast-breadcrumbs-content":"","ast-featured-img":"disabled","footer-sml-layout":"","theme-transparent-header-meta":"","adv-header-id-meta":"","stick-header-meta":"","header-above-stick-meta":"","header-main-stick-meta":"","header-below-stick-meta":"","footnotes":""},"class_list":["post-2423","page","type-page","status-publish","hentry"],"uagb_featured_image_src":{"full":false,"thumbnail":false,"medium":false,"medium_large":false,"large":false,"1536x1536":false,"2048x2048":false},"uagb_author_info":{"display_name":"admin","author_link":"https:\/\/monroestainless.com\/eng\/?author=1"},"uagb_comment_info":0,"uagb_excerpt":"MONROE STAINLESS Monroe Stainless k\u00f6per och s\u00e4ljer rostfria produkter av h\u00f6g kvalitet. Vi kan producera allt rostfritt. Utan dyr lagerh\u00e5llning och att vi alltid f\u00f6rs\u00f6ker hitta b\u00e4sta transportm\u00f6jligheterna f\u00f6r att h\u00e5lla ner kostnader f\u00f6r slutkund g\u00f6r att vi kan leverera h\u00f6g kvalitet till l\u00e5g kostnad.All v\u00e5r utrustning \u00e4r CE-m\u00e4rkt. Monroe startades av bryggare och \u00e4r&hellip;","_links":{"self":[{"href":"https:\/\/monroestainless.com\/eng\/index.php?rest_route=\/wp\/v2\/pages\/2423","targetHints":{"allow":["GET"]}}],"collection":[{"href":"https:\/\/monroestainless.com\/eng\/index.php?rest_route=\/wp\/v2\/pages"}],"about":[{"href":"https:\/\/monroestainless.com\/eng\/index.php?rest_route=\/wp\/v2\/types\/page"}],"author":[{"embeddable":true,"href":"https:\/\/monroestainless.com\/eng\/index.php?rest_route=\/wp\/v2\/users\/1"}],"replies":[{"embeddable":true,"href":"https:\/\/monroestainless.com\/eng\/index.php?rest_route=%2Fwp%2Fv2%2Fcomments&post=2423"}],"version-history":[{"count":43,"href":"https:\/\/monroestainless.com\/eng\/index.php?rest_route=\/wp\/v2\/pages\/2423\/revisions"}],"predecessor-version":[{"id":3091,"href":"https:\/\/monroestainless.com\/eng\/index.php?rest_route=\/wp\/v2\/pages\/2423\/revisions\/3091"}],"wp:attachment":[{"href":"https:\/\/monroestainless.com\/eng\/index.php?rest_route=%2Fwp%2Fv2%2Fmedia&parent=2423"}],"curies":[{"name":"wp","href":"https:\/\/api.w.org\/{rel}","templated":true}]}}